{"id":5309,"date":"2024-01-05T00:08:48","date_gmt":"2024-01-04T23:08:48","guid":{"rendered":"https:\/\/chimerakultur.pl\/?page_id=5309"},"modified":"2024-04-16T16:56:06","modified_gmt":"2024-04-16T14:56:06","slug":"%d0%bf%d0%be%d0%bb%d1%96%d1%82%d0%b8%d0%ba%d0%b0-%d0%ba%d0%be%d0%bd%d1%84%d1%96%d0%b4%d0%b5%d0%bd%d1%86%d1%96%d0%b9%d0%bd%d0%be%d1%81%d1%82%d1%96-%d1%84%d1%83%d0%bd%d0%b4%d0%b0%d1%86%d1%96%d1%97","status":"publish","type":"page","link":"https:\/\/chimerakultur.pl\/?page_id=5309&lang=uk","title":{"rendered":"\u041f\u041e\u041b\u0406\u0422\u0418\u041a\u0410 \u041a\u041e\u041d\u0424\u0406\u0414\u0415\u041d\u0426\u0406\u0419\u041d\u041e\u0421\u0422\u0406 \u0424\u0423\u041d\u0414\u0410\u0426\u0406\u0407 \u0425\u0418\u041c\u0415\u0420\u0410 \u041a\u0423\u041b\u042c\u0422\u0423\u0420"},"content":{"rendered":"\n<figure class=\"wp-block-image size-large is-resized\"><img loading=\"lazy\" decoding=\"async\" width=\"1024\" height=\"307\" src=\"https:\/\/chimerakultur.pl\/wp-content\/uploads\/2023\/11\/IMG_2734-1024x307.png\" alt=\"\" class=\"wp-image-5010\" style=\"width:171px;height:auto\" srcset=\"https:\/\/chimerakultur.pl\/wp-content\/uploads\/2023\/11\/IMG_2734-1024x307.png 1024w, https:\/\/chimerakultur.pl\/wp-content\/uploads\/2023\/11\/IMG_2734-300x90.png 300w, https:\/\/chimerakultur.pl\/wp-content\/uploads\/2023\/11\/IMG_2734-768x231.png 768w, https:\/\/chimerakultur.pl\/wp-content\/uploads\/2023\/11\/IMG_2734-1536x461.png 1536w, https:\/\/chimerakultur.pl\/wp-content\/uploads\/2023\/11\/IMG_2734-2048x615.png 2048w\" sizes=\"auto, (max-width: 1024px) 100vw, 1024px\" \/><\/figure>\n\n\n\n<h2 class=\"wp-block-heading\">\u00a71. WPROWADZENIE<\/h2>\n\n\n\n<p>Dokument ten ma na celu wyja\u015bnienie, jak Fundacja Chimera Kultur (dalej jako: \u201eFundacja\u201d) zbiera, przetwarza i chroni dane osobowe swoich u\u017cytkownik\u00f3w, darczy\u0144c\u00f3w, partner\u00f3w oraz innych zainteresowanych podmiot\u00f3w. Szanujemy prywatno\u015b\u0107 i dok\u0142adamy wszelkich stara\u0144, aby wszystkie dane by\u0142y odpowiednio chronione. Niniejsza Polityka Prywatno\u015bci opisuje zasady Fundacji dotycz\u0105ce zbierania, przetwarzania i wykorzystywania danych osobowych.<\/p>\n\n\n\n<h2 class=\"wp-block-heading\">\u00a72. RODZAJE GROMADZONYCH DANYCH OSOBOWYCH<\/h2>\n\n\n\n<p>Fundacja Chimera Kultur gromadzi r\u00f3\u017cne rodzaje danych osobowych w zale\u017cno\u015bci od cel\u00f3w, dla kt\u00f3rych s\u0105 zbierane. Poni\u017cej s\u0105 przedstawione przyk\u0142adowe kategorie danych, kt\u00f3re Fundacja mo\u017ce gromadzi\u0107:<\/p>\n\n\n\n<ol class=\"wp-block-list\">\n<li>Dane identyfikacyjne: Imi\u0119, nazwisko, adres zamieszkania, numer kontaktowy, adres e-mail.<\/li>\n\n\n\n<li>Dane finansowe: Informacje dotycz\u0105ce p\u0142atno\u015bci, w tym informacje o darowiznach, przekazach pieni\u0119\u017cnych i innych transakcjach finansowych.<\/li>\n\n\n\n<li>Dane kontaktowe: Adres e-mail i numer kontaktowy, kt\u00f3re mog\u0105 by\u0107 wykorzystywane do komunikacji.<\/li>\n\n\n\n<li>Inne informacje: Informacje, kt\u00f3re s\u0105 dobrowolnie dostarczane, na przyk\u0142ad w zwi\u0105zku z uczestnictwem w projektach, wydarzeniach lub dzia\u0142alno\u015bci Fundacji.<\/li>\n<\/ol>\n\n\n\n<h2 class=\"wp-block-heading\">\u00a73. CELE PRZETWARZANIA DANYCH OSOBOWYCH<\/h2>\n\n\n\n<p>Fundacja Chimera Kultur przetwarza dane osobowe w celu realizacji swoich statutowych cel\u00f3w oraz w zwi\u0105zku z dzia\u0142alno\u015bci\u0105 charytatywn\u0105 i kulturaln\u0105. Przyk\u0142adowe cele przetwarzania danych to:<\/p>\n\n\n\n<ol class=\"wp-block-list\">\n<li>Zarz\u0105dzanie relacjami z darczy\u0144cami: Przetwarzanie danych osobowych darczy\u0144c\u00f3w w celu zarz\u0105dzania darowiznami, przekazami pieni\u0119\u017cnymi oraz informacjami o dzia\u0142aniach Fundacji.<\/li>\n\n\n\n<li>Organizacja wydarze\u0144 i projekt\u00f3w: Dane osobowe uczestnik\u00f3w wydarze\u0144 i projekt\u00f3w s\u0105 wykorzystywane do organizacji i realizacji tych inicjatyw.<\/li>\n\n\n\n<li>Komunikacja: Dane kontaktowe, takie jak adres e-mail lub numer telefonu, s\u0105 u\u017cywane do komunikacji z darczy\u0144cami, partnerami i osobami zainteresowanymi dzia\u0142alno\u015bci\u0105 Fundacji.<\/li>\n\n\n\n<li>Pe\u0142nienie obowi\u0105zk\u00f3w prawnych: Przetwarzanie danych osobowych w celu wype\u0142nienia obowi\u0105zk\u00f3w wynikaj\u0105cych z przepis\u00f3w prawa.<\/li>\n<\/ol>\n\n\n\n<h2 class=\"wp-block-heading\">\u00a74. PODSTAWY PRAWNE PRZETWARZANIA DANYCH OSOBOWYCH<\/h2>\n\n\n\n<p>Fundacja Chimera Kultur przetwarza dane osobowe na podstawie r\u00f3\u017cnych podstaw prawnych, w tym:<\/p>\n\n\n\n<ol class=\"wp-block-list\">\n<li>Zgoda: W niekt\u00f3rych przypadkach Fundacja prosi o zgod\u0119 na przetwarzanie danych osobowych, na przyk\u0142ad w celach marketingowych.<\/li>\n\n\n\n<li>Wykonanie umowy: Przetwarzanie danych osobowych w celu wykonania um\u00f3w, takich jak umowy dotycz\u0105ce darowizn.<\/li>\n\n\n\n<li>Obowi\u0105zek prawny: W niekt\u00f3rych przypadkach Fundacja jest zobowi\u0105zana do przetwarzania danych osobowych zgodnie z przepisami prawa.<\/li>\n\n\n\n<li>Legitymne interesy: Przetwarzanie danych osobowych w ramach uzasadnionych interes\u00f3w, takich jak zarz\u0105dzanie dzia\u0142alno\u015bci\u0105 Fundacji.<\/li>\n<\/ol>\n\n\n\n<h2 class=\"wp-block-heading\">\u00a75. UDOST\u0118PNIANIE DANYCH OSOBOWYCH<\/h2>\n\n\n\n<p>Fundacja Chimera Kultur mo\u017ce udost\u0119pnia\u0107 dane osobowe tylko w niezb\u0119dnym zakresie, z uwzgl\u0119dnieniem ochrony prywatno\u015bci. Odbiorcami danych osobowych mog\u0105 by\u0107:<\/p>\n\n\n\n<ol class=\"wp-block-list\">\n<li>Podmioty \u015bwiadcz\u0105ce us\u0142ugi na rzecz Fundacji, takie jak dostawcy us\u0142ug IT, firmy obs\u0142uguj\u0105ce p\u0142atno\u015bci online, us\u0142ugodawcy marketingowi.<\/li>\n\n\n\n<li>Organizacje, z kt\u00f3rymi Fundacja wsp\u00f3\u0142pracuje przy organizacji wydarze\u0144 lub projekt\u00f3w.<\/li>\n\n\n\n<li>Organizacje lub instytucje, na podstawie obowi\u0105zku wynikaj\u0105cego z przepis\u00f3w prawa.<\/li>\n<\/ol>\n\n\n\n<h2 class=\"wp-block-heading\">\u00a76. OKRES PRZECHOWYWANIA DANYCH OSOBOWYCH<\/h2>\n\n\n\n<p>Fundacja Chimera Kultur przechowuje dane osobowe przez okres niezb\u0119dny do realizacji cel\u00f3w, dla kt\u00f3rych zosta\u0142y zebrane, oraz w celu spe\u0142nienia obowi\u0105zk\u00f3w prawnych. Okres przechowywania mo\u017ce si\u0119 r\u00f3\u017cni\u0107 w zale\u017cno\u015bci od rodzaju danych i cel\u00f3w przetwarzania.<\/p>\n\n\n\n<h2 class=\"wp-block-heading\">\u00a77. PRAWA OS\u00d3B UDOST\u0118PNIAJ\u0104CYCH DANE OSOBOWE<\/h2>\n\n\n\n<p>Osoby udost\u0119pniaj\u0105ce swoje dane osobowe na rzecz Fundacji maj\u0105 prawo do kontroli nad swoimi danymi osobowymi, m.in. osoba mo\u017ce:<\/p>\n\n\n\n<ol class=\"wp-block-list\">\n<li>Za\u017c\u0105da\u0107 dost\u0119pu do swoich danych osobowych i uzyska\u0107 informacje na ich temat.<\/li>\n\n\n\n<li>Zaktualizowa\u0107 lub sprostowa\u0107 swoje dane osobowe.<\/li>\n\n\n\n<li>Usun\u0105\u0107 swoje dane osobowe, chyba \u017ce istniej\u0105 przeciwwskazania prawne do ich przechowywania.<\/li>\n\n\n\n<li>Wnie\u015b\u0107 sprzeciw wobec przetwarzania swoich danych osobowych.<\/li>\n\n\n\n<li>Za\u017c\u0105da\u0107 ograniczenia przetwarzania swoich danych.<\/li>\n\n\n\n<li>Wycofa\u0107 zgod\u0119 na przetwarzanie danych osobowych, je\u015bli przetwarzanie odbywa si\u0119 na podstawie zgody.<\/li>\n<\/ol>\n\n\n\n<h2 class=\"wp-block-heading\">\u00a78<\/h2>\n\n\n\n<p>W razie jakichkolwiek pyta\u0144 dotycz\u0105cych Polityki Prywatno\u015bci Fundacji lub potrzeby skorzysta\u0107 ze swoich praw w zakresie ochrony danych osobowych, prosimy o kontakt poczt\u0105 elektroniczn\u0105: biuro@chimerakultur.pl lub listownie na adres.<\/p>\n\n\n\n<h2 class=\"wp-block-heading\">\u00a79<\/h2>\n\n\n\n<p>Osobie udost\u0119pniaj\u0105cej swoje dane osobowe przys\u0142uguje prawo wniesienia skargi do Organu Nadzorczego tj. Prezesa Urz\u0119du Ochrony Danych Osobowych zajmuj\u0105cego si\u0119 ochron\u0105 danych osobowych, gdy jest uznano, \u017ce przetwarzanie danych osobowych narusza przepisy RODO.<\/p>\n\n\n\n<h2 class=\"wp-block-heading\">\u00a710. PLIKI COOKIES<\/h2>\n\n\n\n<p>Strona Fundacji korzysta z plik\u00f3w \u201ecookies\u201d w celu m.in. dostosowania zawarto\u015bci stron do preferencji u\u017cytkownik\u00f3w oraz optymalizacji korzystania ze stron internetowych, utrzymania sesji (po zalogowaniu), dzi\u0119ki kt\u00f3rej u\u017cytkownik nie musi na ka\u017cdej podstronie ponownie wpisywa\u0107 loginu i has\u0142a, a tak\u017ce wspierania i egzekwowania dzia\u0142a\u0144 pozwalaj\u0105cych zachowa\u0107 bezpiecze\u0144stwo.<\/p>\n\n\n\n<h2 class=\"wp-block-heading\">\u00a711. BEZPIECZE\u0143STWO DANYCH<\/h2>\n\n\n\n<p>Fundacja Chimera Kultur wdro\u017cy\u0142a \u015brodki maj\u0105ce na celu ochron\u0119 prywatno\u015bci, bezpiecze\u0144stwa i integralno\u015bci danych osobowych. Dost\u0119p do danych osobowych maj\u0105 wy\u0142\u0105cznie upowa\u017cniobe osoby, kt\u00f3re zosta\u0142y rzetelnie przeszkolone w zakresie przestrzegania zasad poufno\u015bci.<\/p>\n\n\n\n<p>Fundacja Chimera Kultur zapewnia, \u017ce dane osobowe nie zostan\u0105 zmienione, uszkodzone ani udost\u0119pnione nieuprawnionym osobom trzecim.<\/p>\n\n\n\n<h2 class=\"wp-block-heading\">\u00a712. ZMIANY W POLITYCE PRYWATNO\u015aCI FUNDACJI CHIMERA KULTUR<\/h2>\n\n\n\n<p>Niniejsza polityka prywatno\u015bci mo\u017ce podlega\u0107 okresowym modyfikacjom. Wszelkie zmiany wprowadzane w niniejszej polityce b\u0119d\u0105 publikowane.<\/p>\n","protected":false},"excerpt":{"rendered":"<p>\u00a71. WPROWADZENIE Dokument ten ma na celu wyja\u015bnienie, jak Fundacja Chimera Kultur (dalej jako: \u201eFundacja\u201d) zbiera, przetwarza i chroni dane osobowe swoich u\u017cytkownik\u00f3w, darczy\u0144c\u00f3w, partner\u00f3w oraz innych zainteresowanych podmiot\u00f3w. Szanujemy prywatno\u015b\u0107 i dok\u0142adamy wszelkich stara\u0144, aby wszystkie dane by\u0142y odpowiednio chronione. Niniejsza Polityka Prywatno\u015bci opisuje zasady Fundacji dotycz\u0105ce zbierania, przetwarzania i wykorzystywania danych osobowych. \u00a72. [&hellip;]<\/p>\n","protected":false},"author":1,"featured_media":0,"parent":0,"menu_order":0,"comment_status":"closed","ping_status":"closed","template":"","meta":{"_uag_custom_page_level_css":"","site-sidebar-layout":"default","site-content-layout":"","ast-site-content-layout":"default","site-content-style":"default","site-sidebar-style":"default","ast-global-header-display":"","ast-banner-title-visibility":"","ast-main-header-display":"","ast-hfb-above-header-display":"","ast-hfb-below-header-display":"","ast-hfb-mobile-header-display":"","site-post-title":"","ast-breadcrumbs-content":"","ast-featured-img":"","footer-sml-layout":"","theme-transparent-header-meta":"","adv-header-id-meta":"","stick-header-meta":"","header-above-stick-meta":"","header-main-stick-meta":"","header-below-stick-meta":"","astra-migrate-meta-layouts":"set","ast-page-background-enabled":"default","ast-page-background-meta":{"desktop":{"background-color":"","background-image":"","background-repeat":"repeat","background-position":"center center","background-size":"auto","background-attachment":"scroll","background-type":"","background-media":"","overlay-type":"","overlay-color":"","overlay-opacity":"","overlay-gradient":""},"tablet":{"background-color":"","background-image":"","background-repeat":"repeat","background-position":"center center","background-size":"auto","background-attachment":"scroll","background-type":"","background-media":"","overlay-type":"","overlay-color":"","overlay-opacity":"","overlay-gradient":""},"mobile":{"background-color":"","background-image":"","background-repeat":"repeat","background-position":"center center","background-size":"auto","background-attachment":"scroll","background-type":"","background-media":"","overlay-type":"","overlay-color":"","overlay-opacity":"","overlay-gradient":""}},"ast-content-background-meta":{"desktop":{"background-color":"var(--ast-global-color-5)","background-image":"","background-repeat":"repeat","background-position":"center center","background-size":"auto","background-attachment":"scroll","background-type":"","background-media":"","overlay-type":"","overlay-color":"","overlay-opacity":"","overlay-gradient":""},"tablet":{"background-color":"var(--ast-global-color-5)","background-image":"","background-repeat":"repeat","background-position":"center center","background-size":"auto","background-attachment":"scroll","background-type":"","background-media":"","overlay-type":"","overlay-color":"","overlay-opacity":"","overlay-gradient":""},"mobile":{"background-color":"var(--ast-global-color-5)","background-image":"","background-repeat":"repeat","background-position":"center center","background-size":"auto","background-attachment":"scroll","background-type":"","background-media":"","overlay-type":"","overlay-color":"","overlay-opacity":"","overlay-gradient":""}},"footnotes":""},"class_list":["post-5309","page","type-page","status-publish","hentry"],"uagb_featured_image_src":{"full":false,"thumbnail":false,"medium":false,"medium_large":false,"large":false,"1536x1536":false,"2048x2048":false},"uagb_author_info":{"display_name":"admin","author_link":"https:\/\/chimerakultur.pl\/?author=1"},"uagb_comment_info":0,"uagb_excerpt":"\u00a71. WPROWADZENIE Dokument ten ma na celu wyja\u015bnienie, jak Fundacja Chimera Kultur (dalej jako: \u201eFundacja\u201d) zbiera, przetwarza i chroni dane osobowe swoich u\u017cytkownik\u00f3w, darczy\u0144c\u00f3w, partner\u00f3w oraz innych zainteresowanych podmiot\u00f3w. Szanujemy prywatno\u015b\u0107 i dok\u0142adamy wszelkich stara\u0144, aby wszystkie dane by\u0142y odpowiednio chronione. Niniejsza Polityka Prywatno\u015bci opisuje zasady Fundacji dotycz\u0105ce zbierania, przetwarzania i wykorzystywania danych osobowych. \u00a72.&hellip;","_links":{"self":[{"href":"https:\/\/chimerakultur.pl\/index.php?rest_route=\/wp\/v2\/pages\/5309","targetHints":{"allow":["GET"]}}],"collection":[{"href":"https:\/\/chimerakultur.pl\/index.php?rest_route=\/wp\/v2\/pages"}],"about":[{"href":"https:\/\/chimerakultur.pl\/index.php?rest_route=\/wp\/v2\/types\/page"}],"author":[{"embeddable":true,"href":"https:\/\/chimerakultur.pl\/index.php?rest_route=\/wp\/v2\/users\/1"}],"replies":[{"embeddable":true,"href":"https:\/\/chimerakultur.pl\/index.php?rest_route=%2Fwp%2Fv2%2Fcomments&post=5309"}],"version-history":[{"count":4,"href":"https:\/\/chimerakultur.pl\/index.php?rest_route=\/wp\/v2\/pages\/5309\/revisions"}],"predecessor-version":[{"id":5773,"href":"https:\/\/chimerakultur.pl\/index.php?rest_route=\/wp\/v2\/pages\/5309\/revisions\/5773"}],"wp:attachment":[{"href":"https:\/\/chimerakultur.pl\/index.php?rest_route=%2Fwp%2Fv2%2Fmedia&parent=5309"}],"curies":[{"name":"wp","href":"https:\/\/api.w.org\/{rel}","templated":true}]}}