{"id":5292,"date":"2024-01-04T23:59:44","date_gmt":"2024-01-04T22:59:44","guid":{"rendered":"https:\/\/chimerakultur.pl\/?page_id=5292"},"modified":"2024-04-16T17:00:37","modified_gmt":"2024-04-16T15:00:37","slug":"%d0%ba%d0%be%d0%bd%d1%82%d0%b0%d0%ba%d1%82","status":"publish","type":"page","link":"https:\/\/chimerakultur.pl\/?page_id=5292&lang=uk","title":{"rendered":"\u041a\u043e\u043d\u0442\u0430\u043a\u0442"},"content":{"rendered":"\n<div class=\"wp-block-uagb-container uagb-block-e56714d1 alignfull uagb-is-root-container\"><div class=\"uagb-container-inner-blocks-wrap\">\n<div class=\"wp-block-uagb-info-box uagb-block-d4034274 uagb-infobox__content-wrap  uagb-infobox-icon-above-title uagb-infobox-image-valign-top\"><div class=\"uagb-ifb-content\"><div class=\"uagb-ifb-title-wrap\"><span class=\"uagb-ifb-title-prefix\">\u041c\u0418 \u0425\u041e\u0427\u0415\u041c\u041e \u041f\u041e\u0427\u0423\u0422\u0418 \u0412\u0410\u0421<\/span><div class=\"uagb-ifb-separator\"><\/div><h1 class=\"uagb-ifb-title\">\u041a\u041e\u041d\u0422\u0410\u041a\u0422<\/h1><\/div><\/div><\/div>\n<\/div><\/div>\n\n\n\n<div class=\"wp-block-uagb-container uagb-block-d0e2993d alignfull uagb-is-root-container\"><div class=\"uagb-container-inner-blocks-wrap\">\n<div class=\"wp-block-uagb-container uagb-block-befb3802\">\n<div class=\"wp-block-uagb-advanced-heading uagb-block-bc849233\"><h3 class=\"uagb-heading-text\">\u041c\u0438 \u0434\u0431\u0430\u0454\u043c\u043e \u043f\u0440\u043e \u0442\u0435, \u0449\u043e \u0432\u0438 \u0434\u0443\u043c\u0430\u0454\u0442\u0435<\/h3><p class=\"uagb-desc-text\">\u041d\u0430\u043f\u0438\u0448\u0456\u0442\u044c \u0430\u0431\u043e \u0437\u0430\u0442\u0435\u043b\u0435\u0444\u043e\u043d\u0443\u0439\u0442\u0435 \u043d\u0430\u043c \u0437\u0456 \u0441\u0432\u043e\u0457\u043c\u0438 \u0437\u0430\u043f\u0438\u0442\u0430\u043d\u043d\u044f\u043c\u0438 \u0447\u0438 \u043a\u043e\u043c\u0435\u043d\u0442\u0430\u0440\u044f\u043c\u0438.<\/p><\/div>\n\n\n\n<div class=\"wp-block-uagb-advanced-heading uagb-block-20c766f1\"><h6 class=\"uagb-heading-text\"><strong>\u041a\u043e\u043d\u0442\u0430\u043a\u0442<\/strong><\/h6><\/div>\n\n\n\n<div class=\"wp-block-uagb-info-box uagb-block-ab23eeb6 uagb-infobox__content-wrap  uagb-infobox-icon-left uagb-infobox-left uagb-infobox-image-valign-middle\"><div class=\"uagb-ifb-icon-wrap\"><svg xmlns=\"https:\/\/www.w3.org\/2000\/svg\" viewBox=\"0 0 512 512\"><path d=\"M511.2 387l-23.25 100.8c-3.266 14.25-15.79 24.22-30.46 24.22C205.2 512 0 306.8 0 54.5c0-14.66 9.969-27.2 24.22-30.45l100.8-23.25C139.7-2.602 154.7 5.018 160.8 18.92l46.52 108.5c5.438 12.78 1.77 27.67-8.98 36.45L144.5 207.1c33.98 69.22 90.26 125.5 159.5 159.5l44.08-53.8c8.688-10.78 23.69-14.51 36.47-8.975l108.5 46.51C506.1 357.2 514.6 372.4 511.2 387z\"><\/path><\/svg><\/div><div class=\"uagb-ifb-content\"><div class=\"uagb-ifb-title-wrap\"><\/div><p class=\"uagb-ifb-desc\">+48 536 395 764<\/p><\/div><\/div>\n\n\n\n<div class=\"wp-block-uagb-info-box uagb-block-4f0a9155 uagb-infobox__content-wrap  uagb-infobox-icon-left uagb-infobox-left uagb-infobox-image-valign-middle\"><div class=\"uagb-ifb-icon-wrap\"><svg xmlns=\"https:\/\/www.w3.org\/2000\/svg\" viewBox=\"0 0 512 512\"><path d=\"M464 64C490.5 64 512 85.49 512 112C512 127.1 504.9 141.3 492.8 150.4L275.2 313.6C263.8 322.1 248.2 322.1 236.8 313.6L19.2 150.4C7.113 141.3 0 127.1 0 112C0 85.49 21.49 64 48 64H464zM217.6 339.2C240.4 356.3 271.6 356.3 294.4 339.2L512 176V384C512 419.3 483.3 448 448 448H64C28.65 448 0 419.3 0 384V176L217.6 339.2z\"><\/path><\/svg><\/div><div class=\"uagb-ifb-content\"><div class=\"uagb-ifb-title-wrap\"><\/div><p class=\"uagb-ifb-desc\">biuro@chimerakultur.pl<\/p><\/div><\/div>\n\n\n\n<div class=\"wp-block-uagb-advanced-heading uagb-block-e8348256\"><h6 class=\"uagb-heading-text\"><strong><strong>\u0411\u0443\u0434\u044c \u043d\u0430 \u0437\u0432\u02bc\u044f\u0437\u043a\u0443<\/strong><\/strong><\/h6><\/div>\n\n\n\n<ul class=\"wp-block-social-links has-icon-color has-icon-background-color is-layout-flex wp-block-social-links-is-layout-flex\"><li style=\"color: var(--ast-global-color-8); background-color: var(--ast-global-color-0); \" class=\"wp-social-link wp-social-link-facebook has-ast-global-color-8-color has-ast-global-color-0-background-color wp-block-social-link\"><a href=\"https:\/\/www.facebook.com\/chimerakultur\" class=\"wp-block-social-link-anchor\"><svg width=\"24\" height=\"24\" viewBox=\"0 0 24 24\" version=\"1.1\" xmlns=\"http:\/\/www.w3.org\/2000\/svg\" aria-hidden=\"true\" focusable=\"false\"><path d=\"M12 2C6.5 2 2 6.5 2 12c0 5 3.7 9.1 8.4 9.9v-7H7.9V12h2.5V9.8c0-2.5 1.5-3.9 3.8-3.9 1.1 0 2.2.2 2.2.2v2.5h-1.3c-1.2 0-1.6.8-1.6 1.6V12h2.8l-.4 2.9h-2.3v7C18.3 21.1 22 17 22 12c0-5.5-4.5-10-10-10z\"><\/path><\/svg><span class=\"wp-block-social-link-label screen-reader-text\">Facebook<\/span><\/a><\/li>\n\n<li style=\"color: var(--ast-global-color-8); background-color: var(--ast-global-color-0); \" class=\"wp-social-link wp-social-link-instagram has-ast-global-color-8-color has-ast-global-color-0-background-color wp-block-social-link\"><a href=\"https:\/\/www.instagram.com\/chimera.kultur\" class=\"wp-block-social-link-anchor\"><svg width=\"24\" height=\"24\" viewBox=\"0 0 24 24\" version=\"1.1\" xmlns=\"http:\/\/www.w3.org\/2000\/svg\" aria-hidden=\"true\" focusable=\"false\"><path d=\"M12,4.622c2.403,0,2.688,0.009,3.637,0.052c0.877,0.04,1.354,0.187,1.671,0.31c0.42,0.163,0.72,0.358,1.035,0.673 c0.315,0.315,0.51,0.615,0.673,1.035c0.123,0.317,0.27,0.794,0.31,1.671c0.043,0.949,0.052,1.234,0.052,3.637 s-0.009,2.688-0.052,3.637c-0.04,0.877-0.187,1.354-0.31,1.671c-0.163,0.42-0.358,0.72-0.673,1.035 c-0.315,0.315-0.615,0.51-1.035,0.673c-0.317,0.123-0.794,0.27-1.671,0.31c-0.949,0.043-1.233,0.052-3.637,0.052 s-2.688-0.009-3.637-0.052c-0.877-0.04-1.354-0.187-1.671-0.31c-0.42-0.163-0.72-0.358-1.035-0.673 c-0.315-0.315-0.51-0.615-0.673-1.035c-0.123-0.317-0.27-0.794-0.31-1.671C4.631,14.688,4.622,14.403,4.622,12 s0.009-2.688,0.052-3.637c0.04-0.877,0.187-1.354,0.31-1.671c0.163-0.42,0.358-0.72,0.673-1.035 c0.315-0.315,0.615-0.51,1.035-0.673c0.317-0.123,0.794-0.27,1.671-0.31C9.312,4.631,9.597,4.622,12,4.622 M12,3 C9.556,3,9.249,3.01,8.289,3.054C7.331,3.098,6.677,3.25,6.105,3.472C5.513,3.702,5.011,4.01,4.511,4.511 c-0.5,0.5-0.808,1.002-1.038,1.594C3.25,6.677,3.098,7.331,3.054,8.289C3.01,9.249,3,9.556,3,12c0,2.444,0.01,2.751,0.054,3.711 c0.044,0.958,0.196,1.612,0.418,2.185c0.23,0.592,0.538,1.094,1.038,1.594c0.5,0.5,1.002,0.808,1.594,1.038 c0.572,0.222,1.227,0.375,2.185,0.418C9.249,20.99,9.556,21,12,21s2.751-0.01,3.711-0.054c0.958-0.044,1.612-0.196,2.185-0.418 c0.592-0.23,1.094-0.538,1.594-1.038c0.5-0.5,0.808-1.002,1.038-1.594c0.222-0.572,0.375-1.227,0.418-2.185 C20.99,14.751,21,14.444,21,12s-0.01-2.751-0.054-3.711c-0.044-0.958-0.196-1.612-0.418-2.185c-0.23-0.592-0.538-1.094-1.038-1.594 c-0.5-0.5-1.002-0.808-1.594-1.038c-0.572-0.222-1.227-0.375-2.185-0.418C14.751,3.01,14.444,3,12,3L12,3z M12,7.378 c-2.552,0-4.622,2.069-4.622,4.622S9.448,16.622,12,16.622s4.622-2.069,4.622-4.622S14.552,7.378,12,7.378z M12,15 c-1.657,0-3-1.343-3-3s1.343-3,3-3s3,1.343,3,3S13.657,15,12,15z M16.804,6.116c-0.596,0-1.08,0.484-1.08,1.08 s0.484,1.08,1.08,1.08c0.596,0,1.08-0.484,1.08-1.08S17.401,6.116,16.804,6.116z\"><\/path><\/svg><span class=\"wp-block-social-link-label screen-reader-text\">Instagram<\/span><\/a><\/li><\/ul>\n<\/div>\n\n\n\n<div class=\"wp-block-uagb-container uagb-block-93df072d\">\n<div class=\"wp-block-uagb-advanced-heading uagb-block-227a37d2\"><h3 class=\"uagb-heading-text\">\u041d\u0430\u043f\u0438\u0448\u0438 \u0434\u043e \u043d\u0430\u0441<\/h3><\/div>\n\n\n<div class=\"wpforms-container wpforms-block wpforms-block-645d21ac-bb41-4a09-8ef3-c49c1b53bb20\" id=\"wpforms-5275\"><form id=\"wpforms-form-5275\" class=\"wpforms-validate wpforms-form wpforms-ajax-form\" data-formid=\"5275\" method=\"post\" enctype=\"multipart\/form-data\" action=\"\/index.php?rest_route=%2Fwp%2Fv2%2Fpages%2F5292\" data-token=\"18fe77258ada66fae48bbb71eba89279\" data-token-time=\"1777606231\"><noscript class=\"wpforms-error-noscript\">Aby wype\u0142ni\u0107 ten formularz, w\u0142\u0105cz obs\u0142ug\u0119 JavaScript w przegl\u0105darce.<\/noscript><div class=\"wpforms-field-container\"><div id=\"wpforms-5275-field_3-container\" class=\"wpforms-field wpforms-field-name\" data-field-id=\"3\"><label class=\"wpforms-field-label\" for=\"wpforms-5275-field_3\">\u0412\u0430\u0448\u0435 \u0456\u043c\u02bc\u044f <span class=\"wpforms-required-label\">*<\/span><\/label><input type=\"text\" id=\"wpforms-5275-field_3\" class=\"wpforms-field-medium wpforms-field-required\" name=\"wpforms[fields][3]\" required><\/div><div id=\"wpforms-5275-field_1-container\" class=\"wpforms-field wpforms-field-email\" data-field-id=\"1\"><label class=\"wpforms-field-label\" for=\"wpforms-5275-field_1\">E-mail <span class=\"wpforms-required-label\">*<\/span><\/label><input type=\"email\" id=\"wpforms-5275-field_1\" class=\"wpforms-field-medium wpforms-field-required\" name=\"wpforms[fields][1]\" spellcheck=\"false\" required><\/div><div id=\"wpforms-5275-field_4-container\" class=\"wpforms-field wpforms-field-text\" data-field-id=\"4\"><label class=\"wpforms-field-label\" for=\"wpforms-5275-field_4\">\u0422\u0435\u043c\u0430 \u0437\u0432\u0435\u0440\u043d\u0435\u043d\u043d\u044f <span class=\"wpforms-required-label\">*<\/span><\/label><input type=\"text\" id=\"wpforms-5275-field_4\" class=\"wpforms-field-medium wpforms-field-required\" name=\"wpforms[fields][4]\" required><\/div><div id=\"wpforms-5275-field_2-container\" class=\"wpforms-field wpforms-field-textarea\" data-field-id=\"2\"><label class=\"wpforms-field-label\" for=\"wpforms-5275-field_2\">\u0412\u0430\u0448\u0435 \u043f\u043e\u0432\u0456\u0434\u043e\u043c\u043b\u0435\u043d\u043d\u044f <span class=\"wpforms-required-label\">*<\/span><\/label><textarea id=\"wpforms-5275-field_2\" class=\"wpforms-field-medium wpforms-field-required\" name=\"wpforms[fields][2]\" required><\/textarea><\/div><\/div><!-- .wpforms-field-container --><div class=\"wpforms-submit-container\" ><input type=\"hidden\" name=\"wpforms[id]\" value=\"5275\"><input type=\"hidden\" name=\"page_title\" value=\"\"><input type=\"hidden\" name=\"page_url\" value=\"https:\/\/chimerakultur.pl\/index.php?rest_route=\/wp\/v2\/pages\/5292\"><input type=\"hidden\" name=\"url_referer\" value=\"\"><button type=\"submit\" name=\"wpforms[submit]\" id=\"wpforms-submit-5275\" class=\"wpforms-submit\" data-alt-text=\"\u041d\u0430\u0434\u0441\u0438\u043b\u0430\u043d\u043d\u044f...\" data-submit-text=\"\u041d\u0430\u0434\u0456\u0448\u043b\u0438\" aria-live=\"assertive\" value=\"wpforms-submit\">\u041d\u0430\u0434\u0456\u0448\u043b\u0438<\/button><img loading=\"lazy\" decoding=\"async\" src=\"https:\/\/chimerakultur.pl\/wp-content\/plugins\/wpforms-lite\/assets\/images\/submit-spin.svg\" class=\"wpforms-submit-spinner\" style=\"display: none;\" width=\"26\" height=\"26\" alt=\"Wczytywanie\"><\/div><\/form><\/div>  <!-- .wpforms-container --><\/div>\n<\/div><\/div>\n","protected":false},"excerpt":{"rendered":"<p>\u041c\u0438 \u0434\u0431\u0430\u0454\u043c\u043e \u043f\u0440\u043e \u0442\u0435, \u0449\u043e \u0432\u0438 \u0434\u0443\u043c\u0430\u0454\u0442\u0435 \u041d\u0430\u043f\u0438\u0448\u0456\u0442\u044c \u0430\u0431\u043e \u0437\u0430\u0442\u0435\u043b\u0435\u0444\u043e\u043d\u0443\u0439\u0442\u0435 \u043d\u0430\u043c \u0437\u0456 \u0441\u0432\u043e\u0457\u043c\u0438 \u0437\u0430\u043f\u0438\u0442\u0430\u043d\u043d\u044f\u043c\u0438 \u0447\u0438 \u043a\u043e\u043c\u0435\u043d\u0442\u0430\u0440\u044f\u043c\u0438. \u041a\u043e\u043d\u0442\u0430\u043a\u0442 \u0411\u0443\u0434\u044c \u043d\u0430 \u0437\u0432\u02bc\u044f\u0437\u043a\u0443 \u041d\u0430\u043f\u0438\u0448\u0438 \u0434\u043e \u043d\u0430\u0441<\/p>\n","protected":false},"author":1,"featured_media":0,"parent":0,"menu_order":0,"comment_status":"closed","ping_status":"closed","template":"","meta":{"_uag_custom_page_level_css":"","site-sidebar-layout":"no-sidebar","site-content-layout":"page-builder","ast-site-content-layout":"full-width-container","site-content-style":"unboxed","site-sidebar-style":"unboxed","ast-global-header-display":"","ast-banner-title-visibility":"","ast-main-header-display":"","ast-hfb-above-header-display":"","ast-hfb-below-header-display":"","ast-hfb-mobile-header-display":"","site-post-title":"disabled","ast-breadcrumbs-content":"","ast-featured-img":"disabled","footer-sml-layout":"","theme-transparent-header-meta":"","adv-header-id-meta":"","stick-header-meta":"","header-above-stick-meta":"","header-main-stick-meta":"","header-below-stick-meta":"","astra-migrate-meta-layouts":"set","ast-page-background-enabled":"default","ast-page-background-meta":{"desktop":{"background-color":"","background-image":"","background-repeat":"repeat","background-position":"center center","background-size":"auto","background-attachment":"scroll","background-type":"","background-media":"","overlay-type":"","overlay-color":"","overlay-opacity":"","overlay-gradient":""},"tablet":{"background-color":"","background-image":"","background-repeat":"repeat","background-position":"center center","background-size":"auto","background-attachment":"scroll","background-type":"","background-media":"","overlay-type":"","overlay-color":"","overlay-opacity":"","overlay-gradient":""},"mobile":{"background-color":"","background-image":"","background-repeat":"repeat","background-position":"center center","background-size":"auto","background-attachment":"scroll","background-type":"","background-media":"","overlay-type":"","overlay-color":"","overlay-opacity":"","overlay-gradient":""}},"ast-content-background-meta":{"desktop":{"background-color":"var(--ast-global-color-5)","background-image":"","background-repeat":"repeat","background-position":"center center","background-size":"auto","background-attachment":"scroll","background-type":"","background-media":"","overlay-type":"","overlay-color":"","overlay-opacity":"","overlay-gradient":""},"tablet":{"background-color":"var(--ast-global-color-5)","background-image":"","background-repeat":"repeat","background-position":"center center","background-size":"auto","background-attachment":"scroll","background-type":"","background-media":"","overlay-type":"","overlay-color":"","overlay-opacity":"","overlay-gradient":""},"mobile":{"background-color":"var(--ast-global-color-5)","background-image":"","background-repeat":"repeat","background-position":"center center","background-size":"auto","background-attachment":"scroll","background-type":"","background-media":"","overlay-type":"","overlay-color":"","overlay-opacity":"","overlay-gradient":""}},"footnotes":""},"class_list":["post-5292","page","type-page","status-publish","hentry"],"uagb_featured_image_src":{"full":false,"thumbnail":false,"medium":false,"medium_large":false,"large":false,"1536x1536":false,"2048x2048":false},"uagb_author_info":{"display_name":"admin","author_link":"https:\/\/chimerakultur.pl\/?author=1"},"uagb_comment_info":0,"uagb_excerpt":"\u041c\u0438 \u0434\u0431\u0430\u0454\u043c\u043e \u043f\u0440\u043e \u0442\u0435, \u0449\u043e \u0432\u0438 \u0434\u0443\u043c\u0430\u0454\u0442\u0435 \u041d\u0430\u043f\u0438\u0448\u0456\u0442\u044c \u0430\u0431\u043e \u0437\u0430\u0442\u0435\u043b\u0435\u0444\u043e\u043d\u0443\u0439\u0442\u0435 \u043d\u0430\u043c \u0437\u0456 \u0441\u0432\u043e\u0457\u043c\u0438 \u0437\u0430\u043f\u0438\u0442\u0430\u043d\u043d\u044f\u043c\u0438 \u0447\u0438 \u043a\u043e\u043c\u0435\u043d\u0442\u0430\u0440\u044f\u043c\u0438. \u041a\u043e\u043d\u0442\u0430\u043a\u0442 \u0411\u0443\u0434\u044c \u043d\u0430 \u0437\u0432\u02bc\u044f\u0437\u043a\u0443 \u041d\u0430\u043f\u0438\u0448\u0438 \u0434\u043e \u043d\u0430\u0441","_links":{"self":[{"href":"https:\/\/chimerakultur.pl\/index.php?rest_route=\/wp\/v2\/pages\/5292","targetHints":{"allow":["GET"]}}],"collection":[{"href":"https:\/\/chimerakultur.pl\/index.php?rest_route=\/wp\/v2\/pages"}],"about":[{"href":"https:\/\/chimerakultur.pl\/index.php?rest_route=\/wp\/v2\/types\/page"}],"author":[{"embeddable":true,"href":"https:\/\/chimerakultur.pl\/index.php?rest_route=\/wp\/v2\/users\/1"}],"replies":[{"embeddable":true,"href":"https:\/\/chimerakultur.pl\/index.php?rest_route=%2Fwp%2Fv2%2Fcomments&post=5292"}],"version-history":[{"count":3,"href":"https:\/\/chimerakultur.pl\/index.php?rest_route=\/wp\/v2\/pages\/5292\/revisions"}],"predecessor-version":[{"id":5783,"href":"https:\/\/chimerakultur.pl\/index.php?rest_route=\/wp\/v2\/pages\/5292\/revisions\/5783"}],"wp:attachment":[{"href":"https:\/\/chimerakultur.pl\/index.php?rest_route=%2Fwp%2Fv2%2Fmedia&parent=5292"}],"curies":[{"name":"wp","href":"https:\/\/api.w.org\/{rel}","templated":true}]}}