{"id":4758,"date":"2023-11-02T23:01:29","date_gmt":"2023-11-02T22:01:29","guid":{"rendered":"https:\/\/chimerakultur.pl\/?page_id=4758"},"modified":"2024-04-16T17:02:34","modified_gmt":"2024-04-16T15:02:34","slug":"wolontariat","status":"publish","type":"page","link":"https:\/\/chimerakultur.pl\/?page_id=4758","title":{"rendered":"Wolontariat"},"content":{"rendered":"\n<div class=\"wp-block-uagb-container uagb-block-5a7938ab alignfull uagb-is-root-container\"><div class=\"uagb-container-inner-blocks-wrap\">\n<div class=\"wp-block-uagb-info-box uagb-block-387e81fb uagb-infobox__content-wrap  uagb-infobox-icon-above-title uagb-infobox-image-valign-top\"><div class=\"uagb-ifb-content\"><div class=\"uagb-ifb-title-wrap\"><span class=\"uagb-ifb-title-prefix\">RAZEM ZMIENIEAMY<\/span><div class=\"uagb-ifb-separator\"><\/div><h1 class=\"uagb-ifb-title\">WOLONTARIAT<\/h1><\/div><\/div><\/div>\n<\/div><\/div>\n\n\n\n<p><\/p>\n\n\n\n<div class=\"wp-block-uagb-container uagb-block-ea5866e3 default uagb-is-root-container\">\n<div class=\"wp-block-uagb-advanced-heading uagb-block-5b214721\"><h3 class=\"uagb-heading-text\">Zosta\u0144 naszym wolontariuszem \ud83d\udda4<\/h3><\/div>\n<\/div>\n\n\n\n<div class=\"wp-block-uagb-container uagb-block-b2ef9138 alignfull uagb-is-root-container\"><div class=\"uagb-container-inner-blocks-wrap\">\n<div class=\"wp-block-uagb-container uagb-block-891671f9\">\n<p>W naszej organizacji, wolontariat <strong>to nie tylko praca spo\u0142eczna &#8211; to okazja do tworzenia niesamowitych historii<\/strong>, dzielenia si\u0119 swoimi umiej\u0119tno\u015bciami i inspiracji oraz budowania most\u00f3w mi\u0119dzy lud\u017ami. To jak wej\u015bcie do \u015bwiata, gdzie twoje gesty dobroci staj\u0105 si\u0119 czarodziejskimi rytua\u0142ami zmieniaj\u0105cymi \u017cycie innych.<\/p>\n\n\n\n<p>Jako nasz wolontariusz, staniesz si\u0119 cz\u0119\u015bci\u0105 tej niesamowitej opowie\u015bci o pomocy i wsparciu. To mo\u017cliwo\u015b\u0107, by\u015b swoj\u0105 obecno\u015bci\u0105 i energi\u0105 tworzy\u0142 mapy serc potrzebuj\u0105cych, wskazuj\u0105c im drog\u0119 do lepszego jutra.<\/p>\n\n\n\n<p>Zostaj\u0105c naszym wolontariuszem, nie tylko pomo\u017cesz innym, ale tak\u017ce rozwijesz si\u0119 osobi\u015bcie. To jak magiczna uczta, w kt\u00f3rej zdob\u0119dziesz nowe umiej\u0119tno\u015bci, zdob\u0119dziesz do\u015bwiadczenie i przekroczysz w\u0142asne granice. To jak ekscytuj\u0105cy pokaz talent\u00f3w, w kt\u00f3rym twoje zdolno\u015bci zostan\u0105 w pe\u0142ni wykorzystane.<\/p>\n\n\n\n<p><em>Przy\u0142\u0105cz si\u0119 do nas i do\u0142\u0105cz do rodziny wolontariuszy, kt\u00f3rzy wnosz\u0105 iskr\u0119 nadziei i pozytywn\u0105 zmian\u0119 w \u015bwiat. Tw\u00f3j wk\u0142ad jest niezast\u0105piony, a twoje serce stanie si\u0119 \u017ar\u00f3d\u0142em inspiracji i motywacji dla wielu. Sta\u0144 si\u0119 naszym wolontariuszem i wsp\u00f3lnie stw\u00f3rzmy pi\u0119kn\u0105 histori\u0119 wspierania innych i tworzenia lepszego \u015bwiata.<\/em><\/p>\n<\/div>\n\n\n\n<div class=\"wp-block-uagb-container uagb-block-7cf8a8f2\"><div class=\"wpforms-container wpforms-block wpforms-block-3420bdb6-21d0-4637-a1b4-c2fe295a4277\" id=\"wpforms-11\"><form id=\"wpforms-form-11\" class=\"wpforms-validate wpforms-form\" data-formid=\"11\" method=\"post\" enctype=\"multipart\/form-data\" action=\"\/index.php?rest_route=%2Fwp%2Fv2%2Fpages%2F4758\" data-token=\"2ba670bd08bfdff22d87d726c4d7e5f9\" data-token-time=\"1777552695\"><noscript class=\"wpforms-error-noscript\">Aby wype\u0142ni\u0107 ten formularz, w\u0142\u0105cz obs\u0142ug\u0119 JavaScript w przegl\u0105darce.<\/noscript><div class=\"wpforms-field-container\"><div id=\"wpforms-11-field_0-container\" class=\"wpforms-field wpforms-field-name\" data-field-id=\"0\"><label class=\"wpforms-field-label\" for=\"wpforms-11-field_0\">Imi\u0119  <span class=\"wpforms-required-label\">*<\/span><\/label><input type=\"text\" id=\"wpforms-11-field_0\" class=\"wpforms-field-large wpforms-field-required\" name=\"wpforms[fields][0]\" required><\/div><div id=\"wpforms-11-field_1-container\" class=\"wpforms-field wpforms-field-email\" data-field-id=\"1\"><label class=\"wpforms-field-label\" for=\"wpforms-11-field_1\">Email <span class=\"wpforms-required-label\">*<\/span><\/label><input type=\"email\" id=\"wpforms-11-field_1\" class=\"wpforms-field-large wpforms-field-required\" name=\"wpforms[fields][1]\" spellcheck=\"false\" required><\/div><div id=\"wpforms-11-field_3-container\" class=\"wpforms-field wpforms-field-text\" data-field-id=\"3\"><label class=\"wpforms-field-label\" for=\"wpforms-11-field_3\">Temat <span class=\"wpforms-required-label\">*<\/span><\/label><input type=\"text\" id=\"wpforms-11-field_3\" class=\"wpforms-field-large wpforms-field-required\" name=\"wpforms[fields][3]\" required><\/div><div id=\"wpforms-11-field_2-container\" class=\"wpforms-field wpforms-field-textarea\" data-field-id=\"2\"><label class=\"wpforms-field-label\" for=\"wpforms-11-field_2\">Twoja wiadomo\u015b\u0107 <span class=\"wpforms-required-label\">*<\/span><\/label><textarea id=\"wpforms-11-field_2\" class=\"wpforms-field-large wpforms-field-required\" name=\"wpforms[fields][2]\" required><\/textarea><\/div><\/div><!-- .wpforms-field-container --><div class=\"wpforms-field wpforms-field-hp\"><label for=\"wpforms-11-field-hp\" class=\"wpforms-field-label\">Message<\/label><input type=\"text\" name=\"wpforms[hp]\" id=\"wpforms-11-field-hp\" class=\"wpforms-field-medium\"><\/div><div class=\"wpforms-submit-container\" ><input type=\"hidden\" name=\"wpforms[id]\" value=\"11\"><input type=\"hidden\" name=\"page_title\" value=\"\"><input type=\"hidden\" name=\"page_url\" value=\"https:\/\/chimerakultur.pl\/index.php?rest_route=\/wp\/v2\/pages\/4758\"><input type=\"hidden\" name=\"url_referer\" value=\"\"><button type=\"submit\" name=\"wpforms[submit]\" id=\"wpforms-submit-11\" class=\"wpforms-submit\" data-alt-text=\"Wysy\u0142anie...\" data-submit-text=\"Wys\u0142a\u0107\" aria-live=\"assertive\" value=\"wpforms-submit\">Wys\u0142a\u0107<\/button><\/div><\/form><\/div>  <!-- .wpforms-container --><\/div>\n<\/div><\/div>\n","protected":false},"excerpt":{"rendered":"<p>Zosta\u0144 naszym wolontariuszem \ud83d\udda4 W naszej organizacji, wolontariat to nie tylko praca spo\u0142eczna &#8211; to okazja do tworzenia niesamowitych historii, dzielenia si\u0119 swoimi umiej\u0119tno\u015bciami i inspiracji oraz budowania most\u00f3w mi\u0119dzy lud\u017ami. To jak wej\u015bcie do \u015bwiata, gdzie twoje gesty dobroci staj\u0105 si\u0119 czarodziejskimi rytua\u0142ami zmieniaj\u0105cymi \u017cycie innych. Jako nasz wolontariusz, staniesz si\u0119 cz\u0119\u015bci\u0105 tej niesamowitej [&hellip;]<\/p>\n","protected":false},"author":1,"featured_media":0,"parent":0,"menu_order":0,"comment_status":"closed","ping_status":"closed","template":"","meta":{"_uag_custom_page_level_css":"","site-sidebar-layout":"default","site-content-layout":"","ast-site-content-layout":"full-width-container","site-content-style":"unboxed","site-sidebar-style":"default","ast-global-header-display":"","ast-banner-title-visibility":"","ast-main-header-display":"","ast-hfb-above-header-display":"","ast-hfb-below-header-display":"","ast-hfb-mobile-header-display":"","site-post-title":"disabled","ast-breadcrumbs-content":"","ast-featured-img":"","footer-sml-layout":"","theme-transparent-header-meta":"","adv-header-id-meta":"","stick-header-meta":"","header-above-stick-meta":"","header-main-stick-meta":"","header-below-stick-meta":"","astra-migrate-meta-layouts":"set","ast-page-background-enabled":"default","ast-page-background-meta":{"desktop":{"background-color":"","background-image":"","background-repeat":"repeat","background-position":"center center","background-size":"auto","background-attachment":"scroll","background-type":"","background-media":"","overlay-type":"","overlay-color":"","overlay-opacity":"","overlay-gradient":""},"tablet":{"background-color":"","background-image":"","background-repeat":"repeat","background-position":"center center","background-size":"auto","background-attachment":"scroll","background-type":"","background-media":"","overlay-type":"","overlay-color":"","overlay-opacity":"","overlay-gradient":""},"mobile":{"background-color":"","background-image":"","background-repeat":"repeat","background-position":"center center","background-size":"auto","background-attachment":"scroll","background-type":"","background-media":"","overlay-type":"","overlay-color":"","overlay-opacity":"","overlay-gradient":""}},"ast-content-background-meta":{"desktop":{"background-color":"var(--ast-global-color-5)","background-image":"","background-repeat":"repeat","background-position":"center center","background-size":"auto","background-attachment":"scroll","background-type":"","background-media":"","overlay-type":"","overlay-color":"","overlay-opacity":"","overlay-gradient":""},"tablet":{"background-color":"var(--ast-global-color-5)","background-image":"","background-repeat":"repeat","background-position":"center center","background-size":"auto","background-attachment":"scroll","background-type":"","background-media":"","overlay-type":"","overlay-color":"","overlay-opacity":"","overlay-gradient":""},"mobile":{"background-color":"var(--ast-global-color-5)","background-image":"","background-repeat":"repeat","background-position":"center center","background-size":"auto","background-attachment":"scroll","background-type":"","background-media":"","overlay-type":"","overlay-color":"","overlay-opacity":"","overlay-gradient":""}},"footnotes":""},"class_list":["post-4758","page","type-page","status-publish","hentry"],"uagb_featured_image_src":{"full":false,"thumbnail":false,"medium":false,"medium_large":false,"large":false,"1536x1536":false,"2048x2048":false},"uagb_author_info":{"display_name":"admin","author_link":"https:\/\/chimerakultur.pl\/?author=1"},"uagb_comment_info":0,"uagb_excerpt":"Zosta\u0144 naszym wolontariuszem \ud83d\udda4 W naszej organizacji, wolontariat to nie tylko praca spo\u0142eczna &#8211; to okazja do tworzenia niesamowitych historii, dzielenia si\u0119 swoimi umiej\u0119tno\u015bciami i inspiracji oraz budowania most\u00f3w mi\u0119dzy lud\u017ami. To jak wej\u015bcie do \u015bwiata, gdzie twoje gesty dobroci staj\u0105 si\u0119 czarodziejskimi rytua\u0142ami zmieniaj\u0105cymi \u017cycie innych. Jako nasz wolontariusz, staniesz si\u0119 cz\u0119\u015bci\u0105 tej niesamowitej&hellip;","_links":{"self":[{"href":"https:\/\/chimerakultur.pl\/index.php?rest_route=\/wp\/v2\/pages\/4758","targetHints":{"allow":["GET"]}}],"collection":[{"href":"https:\/\/chimerakultur.pl\/index.php?rest_route=\/wp\/v2\/pages"}],"about":[{"href":"https:\/\/chimerakultur.pl\/index.php?rest_route=\/wp\/v2\/types\/page"}],"author":[{"embeddable":true,"href":"https:\/\/chimerakultur.pl\/index.php?rest_route=\/wp\/v2\/users\/1"}],"replies":[{"embeddable":true,"href":"https:\/\/chimerakultur.pl\/index.php?rest_route=%2Fwp%2Fv2%2Fcomments&post=4758"}],"version-history":[{"count":24,"href":"https:\/\/chimerakultur.pl\/index.php?rest_route=\/wp\/v2\/pages\/4758\/revisions"}],"predecessor-version":[{"id":5789,"href":"https:\/\/chimerakultur.pl\/index.php?rest_route=\/wp\/v2\/pages\/4758\/revisions\/5789"}],"wp:attachment":[{"href":"https:\/\/chimerakultur.pl\/index.php?rest_route=%2Fwp%2Fv2%2Fmedia&parent=4758"}],"curies":[{"name":"wp","href":"https:\/\/api.w.org\/{rel}","templated":true}]}}