{"id":2114,"date":"2022-04-11T07:15:53","date_gmt":"2022-04-11T07:15:53","guid":{"rendered":"https:\/\/chimerakultur.pl\/?page_id=2114"},"modified":"2024-04-16T18:26:03","modified_gmt":"2024-04-16T16:26:03","slug":"home","status":"publish","type":"page","link":"https:\/\/chimerakultur.pl\/","title":{"rendered":"Home"},"content":{"rendered":"\n<div class=\"wp-block-uagb-container uagb-block-395e19b0 alignfull uagb-is-root-container\"><div class=\"uagb-container-inner-blocks-wrap\">\n<div class=\"wp-block-uagb-info-box uagb-block-b0124345 uagb-infobox__content-wrap  uagb-infobox-icon-above-title uagb-infobox-image-valign-top\"><div class=\"uagb-ifb-content\"><div class=\"uagb-ifb-title-wrap\"><span class=\"uagb-ifb-title-prefix\">FUNDACJA CHIMERA KULTUR<\/span><div class=\"uagb-ifb-separator\"><\/div><h1 class=\"uagb-ifb-title\">BUDOWANIE MOST\u00d3W MI\u0118DZY KULTURAMI<\/h1><\/div><\/div><\/div>\n<\/div><\/div>\n\n\n\n<div class=\"wp-block-uagb-container uagb-block-a4fcec7b alignfull uagb-is-root-container\"><div class=\"uagb-container-inner-blocks-wrap\">\n<div class=\"wp-block-uagb-container uagb-block-a01c5835\">\n<div class=\"wp-block-uagb-info-box uagb-block-e6ef0f84 uagb-infobox__content-wrap  uagb-infobox-icon-above-title uagb-infobox-image-valign-top\"><div class=\"uagb-ifb-content\"><div class=\"uagb-ifb-title-wrap\"><h2 class=\"uagb-ifb-title\">KIM JESTE\u015aMY<\/h2><\/div><div class=\"uagb-ifb-separator\"><\/div><\/div><\/div>\n\n\n\n<div class=\"wp-block-uagb-container uagb-block-f5e9b515\">\n<div class=\"wp-block-uagb-container uagb-block-fcb727d1\">\n<div class=\"wp-block-uagb-advanced-heading uagb-block-a3d21be5\"><p class=\"uagb-desc-text\">Fundacja \u201eChimera Kultur\u201d to bezpieczne i otwarte miejsce tw\u00f3rczej ekspresji, w kt\u00f3rym r\u00f3\u017cnorodno\u015b\u0107 jest celebrowana \u2013 niezale\u017cnie od rasy, narodowo\u015bci, p\u0142eci, wieku czy statusu spo\u0142ecznego, poniewa\u017c wyrozumia\u0142o\u015b\u0107 i szacunek wobec r\u00f3\u017cnych kultur i to\u017csamo\u015bci s\u0105 kluczowymi aspektami ka\u017cdego wsp\u00f3\u0142czesnego spo\u0142ecze\u0144stwa.<\/p><\/div>\n\n\n\n<p class=\"has-ast-global-color-8-color has-text-color\">G\u0142\u00f3wnymi zakresami dzia\u0142alno\u015bci Fundacji s\u0105:<br>\u26aa\ufe0f  skupienie si\u0119 na wzajemnej integracji kultur i do\u015bwiadcze\u0144 kulturologicznych;<br>\u26aa\ufe0f budowanie dialogu pomi\u0119dzy narodami;<br>\u26aa\ufe0f  poszerzanie wiedzy i wzmocnienie szacunku spo\u0142ecze\u0144stwa na temat mniejszo\u015bci narodowych i etnicznych oraz LGBTQ+.<\/p>\n\n\n\n<div class=\"wp-block-uagb-advanced-heading uagb-block-ac75c024\"><p class=\"uagb-desc-text\">Chimera Kultur prze\u0142amuje stereotypy i buduje nowe dialogi pomi\u0119dzy kulturami, tworz\u0105c now\u0105 przestrze\u0144 na mapie Krakowa, gdzie ka\u017cdy mo\u017ce realizowa\u0107 swoje tw\u00f3rcze pomys\u0142y.<\/p><\/div>\n<\/div>\n\n\n\n<div class=\"wp-block-uagb-container uagb-block-7420f881\">\n<figure class=\"wp-block-image size-large\"><img loading=\"lazy\" decoding=\"async\" width=\"832\" height=\"1024\" src=\"https:\/\/chimerakultur.pl\/wp-content\/uploads\/2023\/10\/IMG_2727-832x1024.png\" alt=\"\" class=\"wp-image-4532\" srcset=\"https:\/\/chimerakultur.pl\/wp-content\/uploads\/2023\/10\/IMG_2727-832x1024.png 832w, https:\/\/chimerakultur.pl\/wp-content\/uploads\/2023\/10\/IMG_2727-244x300.png 244w, https:\/\/chimerakultur.pl\/wp-content\/uploads\/2023\/10\/IMG_2727-768x945.png 768w, https:\/\/chimerakultur.pl\/wp-content\/uploads\/2023\/10\/IMG_2727-1248x1536.png 1248w, https:\/\/chimerakultur.pl\/wp-content\/uploads\/2023\/10\/IMG_2727-1664x2048.png 1664w\" sizes=\"auto, (max-width: 832px) 100vw, 832px\" \/><\/figure>\n<\/div>\n<\/div>\n\n\n\n<div class=\"wp-block-uagb-buttons uagb-buttons__outer-wrap uagb-btn__default-btn uagb-btn-tablet__default-btn uagb-btn-mobile__default-btn uagb-block-c502364c\"><div class=\"uagb-buttons__wrap uagb-buttons-layout-wrap \">\n<div class=\"wp-block-uagb-buttons-child uagb-buttons__outer-wrap uagb-block-76897213 wp-block-button\"><div class=\"uagb-button__wrapper\"><a class=\"uagb-buttons-repeater wp-block-button__link\" href=\"\/\/chimerakultur.pl\/?page_id=2119\" onclick=\"return true;\" rel=\"follow noopener\" target=\"_self\"><div class=\"uagb-button__link\">wi\u0119cej<\/div><\/a><\/div><\/div>\n<\/div><\/div>\n<\/div>\n<\/div><\/div>\n\n\n\n<div class=\"wp-block-uagb-container uagb-block-4e542f63 alignfull uagb-is-root-container\"><div class=\"uagb-container-inner-blocks-wrap\">\n<div class=\"wp-block-uagb-container uagb-block-f501bf14\">\n<div class=\"wp-block-uagb-info-box uagb-block-23b5c004 uagb-infobox__content-wrap  uagb-infobox-icon-above-title uagb-infobox-image-valign-top\"><div class=\"uagb-ifb-content\"><div class=\"uagb-ifb-title-wrap\"><h2 class=\"uagb-ifb-title\">CO ROBIMY<\/h2><\/div><div class=\"uagb-ifb-separator\"><\/div><\/div><\/div>\n\n\n\n<div class=\"wp-block-uagb-container uagb-block-d25bdd5c\">\n<div class=\"wp-block-uagb-container uagb-block-3e5568f3\">\n<div class=\"wp-block-uagb-info-box uagb-block-4dacd498 uagb-infobox__content-wrap  uagb-infobox-icon-above-title uagb-infobox-image-valign-top\"><div class=\"uagb-ifb-content\"><div class=\"uagb-ifb-title-wrap\"><span class=\"uagb-ifb-title-prefix\">01<\/span><h3 class=\"uagb-ifb-title\">\u2014 Integracja Kultur w Krakowie<\/h3><\/div><p class=\"uagb-ifb-desc\">Chcemy, aby r\u00f3\u017cne kultury i do\u015bwiadczenia kulturowe mog\u0142y si\u0119 spotyka\u0107, dzieli\u0107 ideami i wzbogaca\u0107 dziedzictwo kulturowe. Nasza fundacja tworzy przestrze\u0144, w kt\u00f3rej kultury mog\u0105 si\u0119 wzajemnie inspirowa\u0107 i wsp\u00f3\u0142tworzy\u0107.<\/p><\/div><\/div>\n<\/div>\n\n\n\n<div class=\"wp-block-uagb-container uagb-block-e1bcdb4b\">\n<div class=\"wp-block-uagb-info-box uagb-block-8504f94a uagb-infobox__content-wrap  uagb-infobox-icon-above-title uagb-infobox-image-valign-top\"><div class=\"uagb-ifb-content\"><div class=\"uagb-ifb-title-wrap\"><span class=\"uagb-ifb-title-prefix\">02<\/span><h3 class=\"uagb-ifb-title\">\u2014 Dialog Mi\u0119dzynarodowy<\/h3><\/div><p class=\"uagb-ifb-desc\">Poprzez organizacj\u0119 wydarze\u0144 i spotka\u0144 staramy si\u0119 przyczyni\u0107 do ograniczenia konflikt\u00f3w mi\u0119dzynarodowych i budowy pokojowego wsp\u00f3\u0142istnienia. Naszym celem jest budowanie most\u00f3w mi\u0119dzy narodami i promowanie wzajemnego zrozumienia.<\/p><\/div><\/div>\n<\/div>\n\n\n\n<div class=\"wp-block-uagb-container uagb-block-19efba3f\">\n<div class=\"wp-block-uagb-info-box uagb-block-b2a43c19 uagb-infobox__content-wrap  uagb-infobox-icon-above-title uagb-infobox-image-valign-top\"><div class=\"uagb-ifb-content\"><div class=\"uagb-ifb-title-wrap\"><span class=\"uagb-ifb-title-prefix\">03<\/span><h3 class=\"uagb-ifb-title\">\u2014 Wspieranie Inkluzywno\u015bci<\/h3><\/div><p class=\"uagb-ifb-desc\">D\u0105\u017cymy do poszerzania wiedzy i wzmacniania szacunku dla mniejszo\u015bci narodowych, etnicznych oraz spo\u0142eczno\u015bci LGBTQ+. Nasza praca ma na celu stworzenie sprawiedliwego i inkluzywnego spo\u0142ecze\u0144stwa, w kt\u00f3rym ka\u017cdy czuje si\u0119 akceptowany.<\/p><\/div><\/div>\n<\/div>\n<\/div>\n\n\n\n<div class=\"wp-block-uagb-buttons uagb-buttons__outer-wrap uagb-btn__default-btn uagb-btn-tablet__default-btn uagb-btn-mobile__default-btn uagb-block-aaefede0\"><div class=\"uagb-buttons__wrap uagb-buttons-layout-wrap \">\n<div class=\"wp-block-uagb-buttons-child uagb-buttons__outer-wrap uagb-block-63f20f09 wp-block-button is-style-outline\"><div class=\"uagb-button__wrapper\"><a class=\"uagb-buttons-repeater wp-block-button__link\" href=\"\/\/chimerakultur.pl\/?page_id=2117\" onclick=\"return true;\" rel=\"follow noopener\" target=\"_self\"><div class=\"uagb-button__link\">Wi\u0119cej<\/div><\/a><\/div><\/div>\n<\/div><\/div>\n<\/div>\n<\/div><\/div>\n\n\n\n<div class=\"wp-block-uagb-container uagb-block-3844bce8 alignfull uagb-is-root-container\"><div class=\"uagb-container-inner-blocks-wrap\">\n<div class=\"wp-block-uagb-container uagb-block-a5d9439c\">\n<div class=\"wp-block-uagb-info-box uagb-block-f06ffe47 uagb-infobox__content-wrap  uagb-infobox-icon-above-title uagb-infobox-image-valign-top\"><div class=\"uagb-ifb-content\"><div class=\"uagb-ifb-title-wrap\"><h2 class=\"uagb-ifb-title\">KRAK\u00d3W JAKO INSPIRACJA<\/h2><\/div><div class=\"uagb-ifb-separator\"><\/div><\/div><\/div>\n\n\n\n<div class=\"wp-block-uagb-container uagb-block-0080c692\">\n<div class=\"wp-block-uagb-container uagb-block-48167d0c\">\n<div class=\"wp-block-uagb-info-box uagb-block-7743c317 uagb-infobox__content-wrap  uagb-infobox-icon-above-title uagb-infobox-image-valign-top\"><div class=\"uagb-ifb-content\"><div class=\"uagb-ifb-image-content\"><img decoding=\"async\" src=\"http:\/\/chimerakultur.pl\/wp-content\/uploads\/2023\/10\/IMG_2727-244x300.png\" alt=\"\" width=\"59\" height=\"72\" loading=\"lazy\"\/><\/div><div class=\"uagb-ifb-title-wrap\"><h5 class=\"uagb-ifb-title\">Jedno z wielokulturowych centr\u00f3w Polski<\/h5><\/div><p class=\"uagb-ifb-desc\">Pomys\u0142 na stworzenie organizacji narodzi\u0142 si\u0119 ze \u015bwiadomo\u015bci konieczno\u015bci poznawania r\u00f3\u017cnych kultur. Krak\u00f3w jako jedno z wielokulturowych centr\u00f3w Polski, jest miejscem, w kt\u00f3rym istnieje ogromne dziedzictwo kultur i grup etnicznych. To tu r\u00f3\u017cne kultury wsp\u00f3\u0142istniej\u0105 i wzajemnie si\u0119 przenikaj\u0105. <\/p><\/div><\/div>\n<\/div>\n\n\n\n<div class=\"wp-block-uagb-container uagb-block-f2a8899e\">\n<div class=\"wp-block-uagb-info-box uagb-block-a2eb2434 uagb-infobox__content-wrap  uagb-infobox-icon-above-title uagb-infobox-image-valign-top\"><div class=\"uagb-ifb-content\"><div class=\"uagb-ifb-image-content\"><img decoding=\"async\" src=\"http:\/\/chimerakultur.pl\/wp-content\/uploads\/2023\/10\/IMG_2727-244x300.png\" alt=\"\" width=\"59\" height=\"72\" loading=\"lazy\"\/><\/div><div class=\"uagb-ifb-title-wrap\"><h5 class=\"uagb-ifb-title\">Jest potrzeba &#8211; jest rozwi\u0105zanie<\/h5><\/div><p class=\"uagb-ifb-desc\">Istnieje ogromne zapotrzebowanie na lepsze zrozumienie i wsp\u00f3\u0142prac\u0119 mi\u0119dzykulturow\u0105. Fundacja \u201eChimera Kultur\u201d wychodzi naprzeciw tym potrzebom, promuj\u0105c rozw\u00f3j dialogu interkulturowego, wzajemne zrozumienie i poszerzanie wiedzy o r\u00f3\u017cnych kulturach, ze szczeg\u00f3lnym uwzgl\u0119dnieniem kultury ukrai\u0144skiej i polskiej.<\/p><\/div><\/div>\n<\/div>\n<\/div>\n<\/div>\n<\/div><\/div>\n\n\n\n<div class=\"wp-block-uagb-container uagb-block-b6d7df9d alignfull uagb-is-root-container\"><div class=\"uagb-container-inner-blocks-wrap\">\n<div class=\"wp-block-uagb-container uagb-block-ace0da3b\">\n<ul class=\"wp-block-social-links has-icon-color is-style-logos-only is-content-justification-center is-layout-flex wp-container-core-social-links-is-layout-f342a33d wp-block-social-links-is-layout-flex\" style=\"margin-top:0;margin-right:0;margin-bottom:0;margin-left:0\"><li style=\"color: var(--ast-global-color-0); \" class=\"wp-social-link wp-social-link-facebook has-ast-global-color-0-color wp-block-social-link\"><a rel=\"noopener nofollow\" target=\"_blank\" href=\"https:\/\/www.facebook.com\/chimerakultur\" class=\"wp-block-social-link-anchor\"><svg width=\"24\" height=\"24\" viewBox=\"0 0 24 24\" version=\"1.1\" xmlns=\"http:\/\/www.w3.org\/2000\/svg\" aria-hidden=\"true\" focusable=\"false\"><path d=\"M12 2C6.5 2 2 6.5 2 12c0 5 3.7 9.1 8.4 9.9v-7H7.9V12h2.5V9.8c0-2.5 1.5-3.9 3.8-3.9 1.1 0 2.2.2 2.2.2v2.5h-1.3c-1.2 0-1.6.8-1.6 1.6V12h2.8l-.4 2.9h-2.3v7C18.3 21.1 22 17 22 12c0-5.5-4.5-10-10-10z\"><\/path><\/svg><span class=\"wp-block-social-link-label screen-reader-text\">https:\/\/www.facebook.com\/chimerakultur<\/span><\/a><\/li>\n\n<li style=\"color: var(--ast-global-color-0); \" class=\"wp-social-link wp-social-link-instagram has-ast-global-color-0-color wp-block-social-link\"><a rel=\"noopener nofollow\" target=\"_blank\" href=\"https:\/\/www.instagram.com\/chimera.kultur\" class=\"wp-block-social-link-anchor\"><svg width=\"24\" height=\"24\" viewBox=\"0 0 24 24\" version=\"1.1\" xmlns=\"http:\/\/www.w3.org\/2000\/svg\" aria-hidden=\"true\" focusable=\"false\"><path d=\"M12,4.622c2.403,0,2.688,0.009,3.637,0.052c0.877,0.04,1.354,0.187,1.671,0.31c0.42,0.163,0.72,0.358,1.035,0.673 c0.315,0.315,0.51,0.615,0.673,1.035c0.123,0.317,0.27,0.794,0.31,1.671c0.043,0.949,0.052,1.234,0.052,3.637 s-0.009,2.688-0.052,3.637c-0.04,0.877-0.187,1.354-0.31,1.671c-0.163,0.42-0.358,0.72-0.673,1.035 c-0.315,0.315-0.615,0.51-1.035,0.673c-0.317,0.123-0.794,0.27-1.671,0.31c-0.949,0.043-1.233,0.052-3.637,0.052 s-2.688-0.009-3.637-0.052c-0.877-0.04-1.354-0.187-1.671-0.31c-0.42-0.163-0.72-0.358-1.035-0.673 c-0.315-0.315-0.51-0.615-0.673-1.035c-0.123-0.317-0.27-0.794-0.31-1.671C4.631,14.688,4.622,14.403,4.622,12 s0.009-2.688,0.052-3.637c0.04-0.877,0.187-1.354,0.31-1.671c0.163-0.42,0.358-0.72,0.673-1.035 c0.315-0.315,0.615-0.51,1.035-0.673c0.317-0.123,0.794-0.27,1.671-0.31C9.312,4.631,9.597,4.622,12,4.622 M12,3 C9.556,3,9.249,3.01,8.289,3.054C7.331,3.098,6.677,3.25,6.105,3.472C5.513,3.702,5.011,4.01,4.511,4.511 c-0.5,0.5-0.808,1.002-1.038,1.594C3.25,6.677,3.098,7.331,3.054,8.289C3.01,9.249,3,9.556,3,12c0,2.444,0.01,2.751,0.054,3.711 c0.044,0.958,0.196,1.612,0.418,2.185c0.23,0.592,0.538,1.094,1.038,1.594c0.5,0.5,1.002,0.808,1.594,1.038 c0.572,0.222,1.227,0.375,2.185,0.418C9.249,20.99,9.556,21,12,21s2.751-0.01,3.711-0.054c0.958-0.044,1.612-0.196,2.185-0.418 c0.592-0.23,1.094-0.538,1.594-1.038c0.5-0.5,0.808-1.002,1.038-1.594c0.222-0.572,0.375-1.227,0.418-2.185 C20.99,14.751,21,14.444,21,12s-0.01-2.751-0.054-3.711c-0.044-0.958-0.196-1.612-0.418-2.185c-0.23-0.592-0.538-1.094-1.038-1.594 c-0.5-0.5-1.002-0.808-1.594-1.038c-0.572-0.222-1.227-0.375-2.185-0.418C14.751,3.01,14.444,3,12,3L12,3z M12,7.378 c-2.552,0-4.622,2.069-4.622,4.622S9.448,16.622,12,16.622s4.622-2.069,4.622-4.622S14.552,7.378,12,7.378z M12,15 c-1.657,0-3-1.343-3-3s1.343-3,3-3s3,1.343,3,3S13.657,15,12,15z M16.804,6.116c-0.596,0-1.08,0.484-1.08,1.08 s0.484,1.08,1.08,1.08c0.596,0,1.08-0.484,1.08-1.08S17.401,6.116,16.804,6.116z\"><\/path><\/svg><span class=\"wp-block-social-link-label screen-reader-text\">https:\/\/www.instagram.com\/chimera.kultur<\/span><\/a><\/li>\n\n<li style=\"color: var(--ast-global-color-0); \" class=\"wp-social-link wp-social-link-mail has-ast-global-color-0-color wp-block-social-link\"><a rel=\"noopener nofollow\" target=\"_blank\" href=\"mailto:b&#105;u&#114;o&#064;&#099;hi&#109;era&#107;ult&#117;r.&#112;&#108;\" class=\"wp-block-social-link-anchor\"><svg width=\"24\" height=\"24\" viewBox=\"0 0 24 24\" version=\"1.1\" xmlns=\"http:\/\/www.w3.org\/2000\/svg\" aria-hidden=\"true\" focusable=\"false\"><path d=\"M19,5H5c-1.1,0-2,.9-2,2v10c0,1.1.9,2,2,2h14c1.1,0,2-.9,2-2V7c0-1.1-.9-2-2-2zm.5,12c0,.3-.2.5-.5.5H5c-.3,0-.5-.2-.5-.5V9.8l7.5,5.6,7.5-5.6V17zm0-9.1L12,13.6,4.5,7.9V7c0-.3.2-.5.5-.5h14c.3,0,.5.2.5.5v.9z\"><\/path><\/svg><span class=\"wp-block-social-link-label screen-reader-text\">biuro@chimerakultur.pl<\/span><\/a><\/li><\/ul>\n<\/div>\n<\/div><\/div>\n\n\n\n<div class=\"wp-block-uagb-container uagb-block-34182bac alignfull uagb-is-root-container\"><div class=\"uagb-container-inner-blocks-wrap\">\n<div class=\"wp-block-uagb-info-box uagb-block-54acbf64 uagb-infobox__content-wrap  uagb-infobox-icon-above-title uagb-infobox-image-valign-top\"><div class=\"uagb-ifb-content\"><div class=\"uagb-ifb-title-wrap\"><span class=\"uagb-ifb-title-prefix\">DONATE<\/span><div class=\"uagb-ifb-separator\"><\/div><h3 class=\"uagb-ifb-title\">Pom\u00f3\u017c nam zmieni\u0107 \u015bwiat!<\/h3><\/div><p class=\"uagb-ifb-desc\">Twoja darowizna jest dla nas wa\u017cna i pozwala nam pracowa\u0107 jeszcze lepiej.<\/p><div class=\"uagb-ifb-button-wrapper wp-block-button\"><a href=\"\/\/www.paypal.com\/donate\/?hosted_button_id=YVJBJQLLLVBBJ\" class=\"uagb-infobox-cta-link wp-block-button__link\" target=\"_blank\" rel=\"noopener noreferrer\" onclick=\"return true;\" alt=\"\"><span class=\"uagb-inline-editing\">DONATE<\/span><svg xmlns=\"https:\/\/www.w3.org\/2000\/svg\" viewBox=\"0 0 384 512\"><path d=\"M111.4 295.9c-3.5 19.2-17.4 108.7-21.5 134-.3 1.8-1 2.5-3 2.5H12.3c-7.6 0-13.1-6.6-12.1-13.9L58.8 46.6c1.5-9.6 10.1-16.9 20-16.9 152.3 0 165.1-3.7 204 11.4 60.1 23.3 65.6 79.5 44 140.3-21.5 62.6-72.5 89.5-140.1 90.3-43.4 .7-69.5-7-75.3 24.2zM357.1 152c-1.8-1.3-2.5-1.8-3 1.3-2 11.4-5.1 22.5-8.8 33.6-39.9 113.8-150.5 103.9-204.5 103.9-6.1 0-10.1 3.3-10.9 9.4-22.6 140.4-27.1 169.7-27.1 169.7-1 7.1 3.5 12.9 10.6 12.9h63.5c8.6 0 15.7-6.3 17.4-14.9 .7-5.4-1.1 6.1 14.4-91.3 4.6-22 14.3-19.7 29.3-19.7 71 0 126.4-28.8 142.9-112.3 6.5-34.8 4.6-71.4-23.8-92.6z\"><\/path><\/svg><\/a><\/div><\/div><\/div>\n<\/div><\/div>\n","protected":false},"excerpt":{"rendered":"<p>Fundacja \u201eChimera Kultur\u201d to bezpieczne i otwarte miejsce tw\u00f3rczej ekspresji, w kt\u00f3rym r\u00f3\u017cnorodno\u015b\u0107 jest celebrowana \u2013 niezale\u017cnie od rasy, narodowo\u015bci, p\u0142eci, wieku czy statusu spo\u0142ecznego, poniewa\u017c wyrozumia\u0142o\u015b\u0107 i szacunek wobec r\u00f3\u017cnych kultur i to\u017csamo\u015bci s\u0105 kluczowymi aspektami ka\u017cdego wsp\u00f3\u0142czesnego spo\u0142ecze\u0144stwa. G\u0142\u00f3wnymi zakresami dzia\u0142alno\u015bci Fundacji s\u0105:\u26aa\ufe0f skupienie si\u0119 na wzajemnej integracji kultur i do\u015bwiadcze\u0144 kulturologicznych;\u26aa\ufe0f budowanie [&hellip;]<\/p>\n","protected":false},"author":1,"featured_media":0,"parent":0,"menu_order":0,"comment_status":"closed","ping_status":"closed","template":"","meta":{"_uag_custom_page_level_css":"","site-sidebar-layout":"default","site-content-layout":"","ast-site-content-layout":"full-width-container","site-content-style":"unboxed","site-sidebar-style":"unboxed","ast-global-header-display":"","ast-banner-title-visibility":"","ast-main-header-display":"","ast-hfb-above-header-display":"","ast-hfb-below-header-display":"","ast-hfb-mobile-header-display":"","site-post-title":"disabled","ast-breadcrumbs-content":"","ast-featured-img":"","footer-sml-layout":"","theme-transparent-header-meta":"","adv-header-id-meta":"","stick-header-meta":"","header-above-stick-meta":"","header-main-stick-meta":"","header-below-stick-meta":"","astra-migrate-meta-layouts":"set","ast-page-background-enabled":"default","ast-page-background-meta":{"desktop":{"background-color":"","background-image":"","background-repeat":"repeat","background-position":"center center","background-size":"auto","background-attachment":"scroll","background-type":"","background-media":"","overlay-type":"","overlay-color":"","overlay-opacity":"","overlay-gradient":""},"tablet":{"background-color":"","background-image":"","background-repeat":"repeat","background-position":"center center","background-size":"auto","background-attachment":"scroll","background-type":"","background-media":"","overlay-type":"","overlay-color":"","overlay-opacity":"","overlay-gradient":""},"mobile":{"background-color":"","background-image":"","background-repeat":"repeat","background-position":"center center","background-size":"auto","background-attachment":"scroll","background-type":"","background-media":"","overlay-type":"","overlay-color":"","overlay-opacity":"","overlay-gradient":""}},"ast-content-background-meta":{"desktop":{"background-color":"var(--ast-global-color-5)","background-image":"","background-repeat":"repeat","background-position":"center center","background-size":"auto","background-attachment":"scroll","background-type":"","background-media":"","overlay-type":"","overlay-color":"","overlay-opacity":"","overlay-gradient":""},"tablet":{"background-color":"var(--ast-global-color-5)","background-image":"","background-repeat":"repeat","background-position":"center center","background-size":"auto","background-attachment":"scroll","background-type":"","background-media":"","overlay-type":"","overlay-color":"","overlay-opacity":"","overlay-gradient":""},"mobile":{"background-color":"var(--ast-global-color-5)","background-image":"","background-repeat":"repeat","background-position":"center center","background-size":"auto","background-attachment":"scroll","background-type":"","background-media":"","overlay-type":"","overlay-color":"","overlay-opacity":"","overlay-gradient":""}},"footnotes":""},"class_list":["post-2114","page","type-page","status-publish","hentry"],"uagb_featured_image_src":{"full":false,"thumbnail":false,"medium":false,"medium_large":false,"large":false,"1536x1536":false,"2048x2048":false},"uagb_author_info":{"display_name":"admin","author_link":"https:\/\/chimerakultur.pl\/?author=1"},"uagb_comment_info":0,"uagb_excerpt":"Fundacja \u201eChimera Kultur\u201d to bezpieczne i otwarte miejsce tw\u00f3rczej ekspresji, w kt\u00f3rym r\u00f3\u017cnorodno\u015b\u0107 jest celebrowana \u2013 niezale\u017cnie od rasy, narodowo\u015bci, p\u0142eci, wieku czy statusu spo\u0142ecznego, poniewa\u017c wyrozumia\u0142o\u015b\u0107 i szacunek wobec r\u00f3\u017cnych kultur i to\u017csamo\u015bci s\u0105 kluczowymi aspektami ka\u017cdego wsp\u00f3\u0142czesnego spo\u0142ecze\u0144stwa. G\u0142\u00f3wnymi zakresami dzia\u0142alno\u015bci Fundacji s\u0105:\u26aa\ufe0f skupienie si\u0119 na wzajemnej integracji kultur i do\u015bwiadcze\u0144 kulturologicznych;\u26aa\ufe0f budowanie&hellip;","_links":{"self":[{"href":"https:\/\/chimerakultur.pl\/index.php?rest_route=\/wp\/v2\/pages\/2114","targetHints":{"allow":["GET"]}}],"collection":[{"href":"https:\/\/chimerakultur.pl\/index.php?rest_route=\/wp\/v2\/pages"}],"about":[{"href":"https:\/\/chimerakultur.pl\/index.php?rest_route=\/wp\/v2\/types\/page"}],"author":[{"embeddable":true,"href":"https:\/\/chimerakultur.pl\/index.php?rest_route=\/wp\/v2\/users\/1"}],"replies":[{"embeddable":true,"href":"https:\/\/chimerakultur.pl\/index.php?rest_route=%2Fwp%2Fv2%2Fcomments&post=2114"}],"version-history":[{"count":61,"href":"https:\/\/chimerakultur.pl\/index.php?rest_route=\/wp\/v2\/pages\/2114\/revisions"}],"predecessor-version":[{"id":5808,"href":"https:\/\/chimerakultur.pl\/index.php?rest_route=\/wp\/v2\/pages\/2114\/revisions\/5808"}],"wp:attachment":[{"href":"https:\/\/chimerakultur.pl\/index.php?rest_route=%2Fwp%2Fv2%2Fmedia&parent=2114"}],"curies":[{"name":"wp","href":"https:\/\/api.w.org\/{rel}","templated":true}]}}