{"id":5283,"date":"2024-01-04T23:55:06","date_gmt":"2024-01-04T22:55:06","guid":{"rendered":"https:\/\/chimerakultur.pl\/?page_id=5283"},"modified":"2024-04-16T17:01:55","modified_gmt":"2024-04-16T15:01:55","slug":"%d0%b2%d0%be%d0%bb%d0%be%d0%bd%d1%82%d0%b0%d1%80%d1%96%d0%b0%d1%82","status":"publish","type":"page","link":"http:\/\/chimerakultur.pl\/?page_id=5283&lang=uk","title":{"rendered":"\u0412\u043e\u043b\u043e\u043d\u0442\u0430\u0440\u0456\u0430\u0442"},"content":{"rendered":"\n<div class=\"wp-block-uagb-container uagb-block-5a7938ab alignfull uagb-is-root-container\"><div class=\"uagb-container-inner-blocks-wrap\">\n<div class=\"wp-block-uagb-info-box uagb-block-387e81fb uagb-infobox__content-wrap  uagb-infobox-icon-above-title uagb-infobox-image-valign-top\"><div class=\"uagb-ifb-content\"><div class=\"uagb-ifb-title-wrap\"><span class=\"uagb-ifb-title-prefix\">\u0417\u041c\u0406\u041d\u042e\u0404\u041c\u041e \u0420\u0410\u0417\u041e\u041c<\/span><div class=\"uagb-ifb-separator\"><\/div><h1 class=\"uagb-ifb-title\">\u0412\u041e\u041b\u041e\u041d\u0422\u0410\u0420\u0406\u0410\u0422<\/h1><\/div><\/div><\/div>\n<\/div><\/div>\n\n\n\n<div class=\"wp-block-uagb-separator uagb-block-be991ad7\"><div class=\"wp-block-uagb-separator__inner\" style=\"--my-background-image:\"><\/div><\/div>\n\n\n\n<div class=\"wp-block-uagb-container uagb-block-ea5866e3 default uagb-is-root-container\">\n<div class=\"wp-block-uagb-advanced-heading uagb-block-5b214721\"><h3 class=\"uagb-heading-text\">\u0421\u0442\u0430\u043d\u044c \u043d\u0430\u0448\u0438\u043c \u0432\u043e\u043b\u043e\u043d\u0442\u0435\u0440\u043e\u043c \ud83d\udda4<\/h3><\/div>\n<\/div>\n\n\n\n<div class=\"wp-block-uagb-container uagb-block-b2ef9138 alignfull uagb-is-root-container\"><div class=\"uagb-container-inner-blocks-wrap\">\n<div class=\"wp-block-uagb-container uagb-block-891671f9\">\n<p>\u0423 \u043d\u0430\u0448\u0456\u0439 \u043e\u0440\u0433\u0430\u043d\u0456\u0437\u0430\u0446\u0456\u0457 \u0432\u043e\u043b\u043e\u043d\u0442\u0435\u0440\u0441\u0442\u0432\u043e \u2013 \u0446\u0435 \u043d\u0435 \u043b\u0438\u0448\u0435 \u0441\u043e\u0446\u0456\u0430\u043b\u044c\u043d\u0430 \u0440\u043e\u0431\u043e\u0442\u0430 \u2013 \u0446\u0435 \u043c\u043e\u0436\u043b\u0438\u0432\u0456\u0441\u0442\u044c \u0441\u0442\u0432\u043e\u0440\u044e\u0432\u0430\u0442\u0438 \u0434\u0438\u0432\u043e\u0432\u0438\u0436\u043d\u0456 \u0456\u0441\u0442\u043e\u0440\u0456\u0457, \u0434\u0456\u043b\u0438\u0442\u0438\u0441\u044f \u0441\u0432\u043e\u0457\u043c\u0438 \u0432\u043c\u0456\u043d\u043d\u044f\u043c\u0438 \u0442\u0430 \u043d\u0430\u0442\u0445\u043d\u0435\u043d\u043d\u044f\u043c, \u0431\u0443\u0434\u0443\u0432\u0430\u0442\u0438 \u043c\u043e\u0441\u0442\u0438 \u043c\u0456\u0436 \u043b\u044e\u0434\u044c\u043c\u0438. \u0426\u0435 \u044f\u043a \u0432\u0445\u0456\u0434 \u0443 \u0441\u0432\u0456\u0442, \u0434\u0435 \u0432\u0430\u0448\u0456 \u0432\u0447\u0438\u043d\u043a\u0438 \u0434\u043e\u0431\u0440\u043e\u0442\u0438 \u0441\u0442\u0430\u044e\u0442\u044c \u043c\u0430\u0433\u0456\u0447\u043d\u0438\u043c\u0438 \u0440\u0438\u0442\u0443\u0430\u043b\u0430\u043c\u0438, \u044f\u043a\u0456 \u0437\u043c\u0456\u043d\u044e\u044e\u0442\u044c \u0436\u0438\u0442\u0442\u044f \u0456\u043d\u0448\u0438\u0445.<\/p>\n\n\n\n<p>\u042f\u043a \u043d\u0430\u0448 \u0432\u043e\u043b\u043e\u043d\u0442\u0435\u0440, \u0432\u0438 \u0441\u0442\u0430\u043d\u0435\u0442\u0435 \u0447\u0430\u0441\u0442\u0438\u043d\u043e\u044e \u0446\u0456\u0454\u0457 \u0434\u0438\u0432\u043e\u0432\u0438\u0436\u043d\u043e\u0457 \u0456\u0441\u0442\u043e\u0440\u0456\u0457 \u0434\u043e\u043f\u043e\u043c\u043e\u0433\u0438 \u0442\u0430 \u043f\u0456\u0434\u0442\u0440\u0438\u043c\u043a\u0438. \u0426\u0435 \u043c\u043e\u0436\u043b\u0438\u0432\u0456\u0441\u0442\u044c \u0434\u043b\u044f \u0432\u0430\u0441 \u0441\u0432\u043e\u0454\u044e \u043f\u0440\u0438\u0441\u0443\u0442\u043d\u0456\u0441\u0442\u044e \u0442\u0430 \u0435\u043d\u0435\u0440\u0433\u0456\u0454\u044e \u0441\u0442\u0432\u043e\u0440\u0438\u0442\u0438 \u043c\u0430\u043f\u0438 \u043d\u0443\u0436\u0434\u0435\u043d\u043d\u0438\u0445 \u0441\u0435\u0440\u0434\u0435\u0446\u044c, \u043f\u043e\u043a\u0430\u0437\u0443\u044e\u0447\u0438 \u0457\u043c \u0448\u043b\u044f\u0445 \u0434\u043e \u043a\u0440\u0430\u0449\u043e\u0433\u043e \u0437\u0430\u0432\u0442\u0440\u0430.<\/p>\n\n\n\n<p>\u0421\u0442\u0430\u0432\u0448\u0438 \u043d\u0430\u0448\u0438\u043c \u0432\u043e\u043b\u043e\u043d\u0442\u0435\u0440\u043e\u043c, \u0432\u0438 \u043d\u0435 \u0442\u0456\u043b\u044c\u043a\u0438 \u0434\u043e\u043f\u043e\u043c\u043e\u0436\u0435\u0442\u0435 \u0456\u043d\u0448\u0438\u043c, \u0430\u043b\u0435 \u0439 \u0440\u043e\u0437\u0432\u0438\u0432\u0430\u0442\u0438\u043c\u0435\u0442\u0435\u0441\u044f \u044f\u043a \u043e\u0441\u043e\u0431\u0438\u0441\u0442\u0456\u0441\u0442\u044c. \u0426\u0435 \u044f\u043a \u0447\u0430\u0440\u0456\u0432\u043d\u0435 \u0441\u0432\u044f\u0442\u043e, \u0434\u0435 \u0432\u0438 \u043d\u0430\u0432\u0447\u0438\u0442\u0435\u0441\u044f \u043d\u043e\u0432\u0438\u0445 \u043d\u0430\u0432\u0438\u0447\u043e\u043a, \u043e\u0442\u0440\u0438\u043c\u0430\u0454\u0442\u0435 \u0434\u043e\u0441\u0432\u0456\u0434 \u0456 \u0440\u043e\u0437\u0448\u0438\u0440\u0438\u0442\u0435 \u0441\u0432\u043e\u0457 \u043c\u0435\u0436\u0456. \u0426\u0435 \u044f\u043a \u0437\u0430\u0445\u043e\u043f\u043b\u044e\u044e\u0447\u0435 \u0448\u043e\u0443 \u0442\u0430\u043b\u0430\u043d\u0442\u0456\u0432, \u0434\u0435 \u0432\u0430\u0448\u0456 \u0442\u0430\u043b\u0430\u043d\u0442\u0438 \u0431\u0443\u0434\u0443\u0442\u044c \u0432\u0438\u043a\u043e\u0440\u0438\u0441\u0442\u0430\u043d\u0456 \u043d\u0430 \u043f\u043e\u0432\u043d\u0443.<\/p>\n\n\n\n<p><em>\u0414\u043e\u0454\u0434\u043d\u0443\u0439\u0442\u0435\u0441\u044c \u0434\u043e \u043d\u0430\u0441 \u0456 \u0434\u043e \u0441\u0456\u043c\u2019\u0457 \u0432\u043e\u043b\u043e\u043d\u0442\u0435\u0440\u0456\u0432, \u044f\u043a\u0456 \u043d\u0435\u0441\u0443\u0442\u044c \u0443 \u0441\u0432\u0456\u0442 \u0456\u0441\u043a\u0440\u0443 \u043d\u0430\u0434\u0456\u0457 \u0442\u0430 \u043f\u043e\u0437\u0438\u0442\u0438\u0432\u043d\u0438\u0445 \u0437\u043c\u0456\u043d. \u0412\u0430\u0448 \u0432\u043d\u0435\u0441\u043e\u043a \u0454 \u043d\u0435\u0437\u0430\u043c\u0456\u043d\u043d\u0438\u043c, \u0430 \u0432\u0430\u0448\u0435 \u0441\u0435\u0440\u0446\u0435 \u0441\u0442\u0430\u043d\u0435 \u0434\u0436\u0435\u0440\u0435\u043b\u043e\u043c \u043d\u0430\u0442\u0445\u043d\u0435\u043d\u043d\u044f \u0442\u0430 \u043c\u043e\u0442\u0438\u0432\u0430\u0446\u0456\u0457 \u0434\u043b\u044f \u0431\u0430\u0433\u0430\u0442\u044c\u043e\u0445. \u0421\u0442\u0430\u043d\u044c\u0442\u0435 \u043d\u0430\u0448\u0438\u043c \u0432\u043e\u043b\u043e\u043d\u0442\u0435\u0440\u043e\u043c \u0456 \u0434\u0430\u0432\u0430\u0439\u0442\u0435 \u0440\u0430\u0437\u043e\u043c \u0441\u0442\u0432\u043e\u0440\u044e\u0432\u0430\u0442\u0438 \u043f\u0440\u0435\u043a\u0440\u0430\u0441\u043d\u0443 \u0456\u0441\u0442\u043e\u0440\u0456\u044e \u043f\u0456\u0434\u0442\u0440\u0438\u043c\u043a\u0438 \u0456\u043d\u0448\u0438\u0445 \u0456 \u0441\u0442\u0432\u043e\u0440\u0435\u043d\u043d\u044f \u043a\u0440\u0430\u0449\u043e\u0433\u043e \u0441\u0432\u0456\u0442\u0443.<\/em><\/p>\n<\/div>\n\n\n\n<div class=\"wp-block-uagb-container uagb-block-7cf8a8f2\"><div class=\"wpforms-container wpforms-block wpforms-block-3420bdb6-21d0-4637-a1b4-c2fe295a4277\" id=\"wpforms-5275\"><form id=\"wpforms-form-5275\" class=\"wpforms-validate wpforms-form wpforms-ajax-form\" data-formid=\"5275\" method=\"post\" enctype=\"multipart\/form-data\" action=\"\/index.php?rest_route=%2Fwp%2Fv2%2Fpages%2F5283\" data-token=\"ba33e8b17bf48e9b1f28bab63273e050\" data-token-time=\"1778701907\"><noscript class=\"wpforms-error-noscript\">Aby wype\u0142ni\u0107 ten formularz, w\u0142\u0105cz obs\u0142ug\u0119 JavaScript w przegl\u0105darce.<\/noscript><div class=\"wpforms-field-container\"><div id=\"wpforms-5275-field_3-container\" class=\"wpforms-field wpforms-field-name\" data-field-id=\"3\"><label class=\"wpforms-field-label\" for=\"wpforms-5275-field_3\">\u0412\u0430\u0448\u0435 \u0456\u043c\u02bc\u044f <span class=\"wpforms-required-label\">*<\/span><\/label><input type=\"text\" id=\"wpforms-5275-field_3\" class=\"wpforms-field-medium wpforms-field-required\" name=\"wpforms[fields][3]\" required><\/div><div id=\"wpforms-5275-field_1-container\" class=\"wpforms-field wpforms-field-email\" data-field-id=\"1\"><label class=\"wpforms-field-label\" for=\"wpforms-5275-field_1\">E-mail <span class=\"wpforms-required-label\">*<\/span><\/label><input type=\"email\" id=\"wpforms-5275-field_1\" class=\"wpforms-field-medium wpforms-field-required\" name=\"wpforms[fields][1]\" spellcheck=\"false\" required><\/div><div id=\"wpforms-5275-field_4-container\" class=\"wpforms-field wpforms-field-text\" data-field-id=\"4\"><label class=\"wpforms-field-label\" for=\"wpforms-5275-field_4\">\u0422\u0435\u043c\u0430 \u0437\u0432\u0435\u0440\u043d\u0435\u043d\u043d\u044f <span class=\"wpforms-required-label\">*<\/span><\/label><input type=\"text\" id=\"wpforms-5275-field_4\" class=\"wpforms-field-medium wpforms-field-required\" name=\"wpforms[fields][4]\" required><\/div><div id=\"wpforms-5275-field_2-container\" class=\"wpforms-field wpforms-field-textarea\" data-field-id=\"2\"><label class=\"wpforms-field-label\" for=\"wpforms-5275-field_2\">\u0412\u0430\u0448\u0435 \u043f\u043e\u0432\u0456\u0434\u043e\u043c\u043b\u0435\u043d\u043d\u044f <span class=\"wpforms-required-label\">*<\/span><\/label><textarea id=\"wpforms-5275-field_2\" class=\"wpforms-field-medium wpforms-field-required\" name=\"wpforms[fields][2]\" required><\/textarea><\/div><\/div><!-- .wpforms-field-container --><div class=\"wpforms-submit-container\" ><input type=\"hidden\" name=\"wpforms[id]\" value=\"5275\"><input type=\"hidden\" name=\"page_title\" value=\"\"><input type=\"hidden\" name=\"page_url\" value=\"http:\/\/chimerakultur.pl\/index.php?rest_route=\/wp\/v2\/pages\/5283\"><input type=\"hidden\" name=\"url_referer\" value=\"\"><button type=\"submit\" name=\"wpforms[submit]\" id=\"wpforms-submit-5275\" class=\"wpforms-submit\" data-alt-text=\"\u041d\u0430\u0434\u0441\u0438\u043b\u0430\u043d\u043d\u044f...\" data-submit-text=\"\u041d\u0430\u0434\u0456\u0448\u043b\u0438\" aria-live=\"assertive\" value=\"wpforms-submit\">\u041d\u0430\u0434\u0456\u0448\u043b\u0438<\/button><img loading=\"lazy\" decoding=\"async\" src=\"http:\/\/chimerakultur.pl\/wp-content\/plugins\/wpforms-lite\/assets\/images\/submit-spin.svg\" class=\"wpforms-submit-spinner\" style=\"display: none;\" width=\"26\" height=\"26\" alt=\"Wczytywanie\"><\/div><\/form><\/div>  <!-- .wpforms-container --><\/div>\n<\/div><\/div>\n","protected":false},"excerpt":{"rendered":"<p>\u0421\u0442\u0430\u043d\u044c \u043d\u0430\u0448\u0438\u043c \u0432\u043e\u043b\u043e\u043d\u0442\u0435\u0440\u043e\u043c \ud83d\udda4 \u0423 \u043d\u0430\u0448\u0456\u0439 \u043e\u0440\u0433\u0430\u043d\u0456\u0437\u0430\u0446\u0456\u0457 \u0432\u043e\u043b\u043e\u043d\u0442\u0435\u0440\u0441\u0442\u0432\u043e \u2013 \u0446\u0435 \u043d\u0435 \u043b\u0438\u0448\u0435 \u0441\u043e\u0446\u0456\u0430\u043b\u044c\u043d\u0430 \u0440\u043e\u0431\u043e\u0442\u0430 \u2013 \u0446\u0435 \u043c\u043e\u0436\u043b\u0438\u0432\u0456\u0441\u0442\u044c \u0441\u0442\u0432\u043e\u0440\u044e\u0432\u0430\u0442\u0438 \u0434\u0438\u0432\u043e\u0432\u0438\u0436\u043d\u0456 \u0456\u0441\u0442\u043e\u0440\u0456\u0457, \u0434\u0456\u043b\u0438\u0442\u0438\u0441\u044f \u0441\u0432\u043e\u0457\u043c\u0438 \u0432\u043c\u0456\u043d\u043d\u044f\u043c\u0438 \u0442\u0430 \u043d\u0430\u0442\u0445\u043d\u0435\u043d\u043d\u044f\u043c, \u0431\u0443\u0434\u0443\u0432\u0430\u0442\u0438 \u043c\u043e\u0441\u0442\u0438 \u043c\u0456\u0436 \u043b\u044e\u0434\u044c\u043c\u0438. \u0426\u0435 \u044f\u043a \u0432\u0445\u0456\u0434 \u0443 \u0441\u0432\u0456\u0442, \u0434\u0435 \u0432\u0430\u0448\u0456 \u0432\u0447\u0438\u043d\u043a\u0438 \u0434\u043e\u0431\u0440\u043e\u0442\u0438 \u0441\u0442\u0430\u044e\u0442\u044c \u043c\u0430\u0433\u0456\u0447\u043d\u0438\u043c\u0438 \u0440\u0438\u0442\u0443\u0430\u043b\u0430\u043c\u0438, \u044f\u043a\u0456 \u0437\u043c\u0456\u043d\u044e\u044e\u0442\u044c \u0436\u0438\u0442\u0442\u044f \u0456\u043d\u0448\u0438\u0445. \u042f\u043a \u043d\u0430\u0448 \u0432\u043e\u043b\u043e\u043d\u0442\u0435\u0440, \u0432\u0438 \u0441\u0442\u0430\u043d\u0435\u0442\u0435 \u0447\u0430\u0441\u0442\u0438\u043d\u043e\u044e \u0446\u0456\u0454\u0457 \u0434\u0438\u0432\u043e\u0432\u0438\u0436\u043d\u043e\u0457 \u0456\u0441\u0442\u043e\u0440\u0456\u0457 \u0434\u043e\u043f\u043e\u043c\u043e\u0433\u0438 [&hellip;]<\/p>\n","protected":false},"author":1,"featured_media":0,"parent":0,"menu_order":0,"comment_status":"closed","ping_status":"closed","template":"","meta":{"_uag_custom_page_level_css":"","site-sidebar-layout":"default","site-content-layout":"","ast-site-content-layout":"full-width-container","site-content-style":"unboxed","site-sidebar-style":"default","ast-global-header-display":"","ast-banner-title-visibility":"","ast-main-header-display":"","ast-hfb-above-header-display":"","ast-hfb-below-header-display":"","ast-hfb-mobile-header-display":"","site-post-title":"disabled","ast-breadcrumbs-content":"","ast-featured-img":"","footer-sml-layout":"","theme-transparent-header-meta":"","adv-header-id-meta":"","stick-header-meta":"","header-above-stick-meta":"","header-main-stick-meta":"","header-below-stick-meta":"","astra-migrate-meta-layouts":"set","ast-page-background-enabled":"default","ast-page-background-meta":{"desktop":{"background-color":"","background-image":"","background-repeat":"repeat","background-position":"center center","background-size":"auto","background-attachment":"scroll","background-type":"","background-media":"","overlay-type":"","overlay-color":"","overlay-opacity":"","overlay-gradient":""},"tablet":{"background-color":"","background-image":"","background-repeat":"repeat","background-position":"center center","background-size":"auto","background-attachment":"scroll","background-type":"","background-media":"","overlay-type":"","overlay-color":"","overlay-opacity":"","overlay-gradient":""},"mobile":{"background-color":"","background-image":"","background-repeat":"repeat","background-position":"center center","background-size":"auto","background-attachment":"scroll","background-type":"","background-media":"","overlay-type":"","overlay-color":"","overlay-opacity":"","overlay-gradient":""}},"ast-content-background-meta":{"desktop":{"background-color":"var(--ast-global-color-5)","background-image":"","background-repeat":"repeat","background-position":"center center","background-size":"auto","background-attachment":"scroll","background-type":"","background-media":"","overlay-type":"","overlay-color":"","overlay-opacity":"","overlay-gradient":""},"tablet":{"background-color":"var(--ast-global-color-5)","background-image":"","background-repeat":"repeat","background-position":"center center","background-size":"auto","background-attachment":"scroll","background-type":"","background-media":"","overlay-type":"","overlay-color":"","overlay-opacity":"","overlay-gradient":""},"mobile":{"background-color":"var(--ast-global-color-5)","background-image":"","background-repeat":"repeat","background-position":"center center","background-size":"auto","background-attachment":"scroll","background-type":"","background-media":"","overlay-type":"","overlay-color":"","overlay-opacity":"","overlay-gradient":""}},"footnotes":""},"class_list":["post-5283","page","type-page","status-publish","hentry"],"uagb_featured_image_src":{"full":false,"thumbnail":false,"medium":false,"medium_large":false,"large":false,"1536x1536":false,"2048x2048":false},"uagb_author_info":{"display_name":"admin","author_link":"http:\/\/chimerakultur.pl\/?author=1"},"uagb_comment_info":0,"uagb_excerpt":"\u0421\u0442\u0430\u043d\u044c \u043d\u0430\u0448\u0438\u043c \u0432\u043e\u043b\u043e\u043d\u0442\u0435\u0440\u043e\u043c \ud83d\udda4 \u0423 \u043d\u0430\u0448\u0456\u0439 \u043e\u0440\u0433\u0430\u043d\u0456\u0437\u0430\u0446\u0456\u0457 \u0432\u043e\u043b\u043e\u043d\u0442\u0435\u0440\u0441\u0442\u0432\u043e \u2013 \u0446\u0435 \u043d\u0435 \u043b\u0438\u0448\u0435 \u0441\u043e\u0446\u0456\u0430\u043b\u044c\u043d\u0430 \u0440\u043e\u0431\u043e\u0442\u0430 \u2013 \u0446\u0435 \u043c\u043e\u0436\u043b\u0438\u0432\u0456\u0441\u0442\u044c \u0441\u0442\u0432\u043e\u0440\u044e\u0432\u0430\u0442\u0438 \u0434\u0438\u0432\u043e\u0432\u0438\u0436\u043d\u0456 \u0456\u0441\u0442\u043e\u0440\u0456\u0457, \u0434\u0456\u043b\u0438\u0442\u0438\u0441\u044f \u0441\u0432\u043e\u0457\u043c\u0438 \u0432\u043c\u0456\u043d\u043d\u044f\u043c\u0438 \u0442\u0430 \u043d\u0430\u0442\u0445\u043d\u0435\u043d\u043d\u044f\u043c, \u0431\u0443\u0434\u0443\u0432\u0430\u0442\u0438 \u043c\u043e\u0441\u0442\u0438 \u043c\u0456\u0436 \u043b\u044e\u0434\u044c\u043c\u0438. \u0426\u0435 \u044f\u043a \u0432\u0445\u0456\u0434 \u0443 \u0441\u0432\u0456\u0442, \u0434\u0435 \u0432\u0430\u0448\u0456 \u0432\u0447\u0438\u043d\u043a\u0438 \u0434\u043e\u0431\u0440\u043e\u0442\u0438 \u0441\u0442\u0430\u044e\u0442\u044c \u043c\u0430\u0433\u0456\u0447\u043d\u0438\u043c\u0438 \u0440\u0438\u0442\u0443\u0430\u043b\u0430\u043c\u0438, \u044f\u043a\u0456 \u0437\u043c\u0456\u043d\u044e\u044e\u0442\u044c \u0436\u0438\u0442\u0442\u044f \u0456\u043d\u0448\u0438\u0445. \u042f\u043a \u043d\u0430\u0448 \u0432\u043e\u043b\u043e\u043d\u0442\u0435\u0440, \u0432\u0438 \u0441\u0442\u0430\u043d\u0435\u0442\u0435 \u0447\u0430\u0441\u0442\u0438\u043d\u043e\u044e \u0446\u0456\u0454\u0457 \u0434\u0438\u0432\u043e\u0432\u0438\u0436\u043d\u043e\u0457 \u0456\u0441\u0442\u043e\u0440\u0456\u0457 \u0434\u043e\u043f\u043e\u043c\u043e\u0433\u0438&hellip;","_links":{"self":[{"href":"http:\/\/chimerakultur.pl\/index.php?rest_route=\/wp\/v2\/pages\/5283","targetHints":{"allow":["GET"]}}],"collection":[{"href":"http:\/\/chimerakultur.pl\/index.php?rest_route=\/wp\/v2\/pages"}],"about":[{"href":"http:\/\/chimerakultur.pl\/index.php?rest_route=\/wp\/v2\/types\/page"}],"author":[{"embeddable":true,"href":"http:\/\/chimerakultur.pl\/index.php?rest_route=\/wp\/v2\/users\/1"}],"replies":[{"embeddable":true,"href":"http:\/\/chimerakultur.pl\/index.php?rest_route=%2Fwp%2Fv2%2Fcomments&post=5283"}],"version-history":[{"count":6,"href":"http:\/\/chimerakultur.pl\/index.php?rest_route=\/wp\/v2\/pages\/5283\/revisions"}],"predecessor-version":[{"id":5788,"href":"http:\/\/chimerakultur.pl\/index.php?rest_route=\/wp\/v2\/pages\/5283\/revisions\/5788"}],"wp:attachment":[{"href":"http:\/\/chimerakultur.pl\/index.php?rest_route=%2Fwp%2Fv2%2Fmedia&parent=5283"}],"curies":[{"name":"wp","href":"https:\/\/api.w.org\/{rel}","templated":true}]}}