{"id":2125,"date":"2022-04-11T07:18:47","date_gmt":"2022-04-11T07:18:47","guid":{"rendered":"https:\/\/chimerakultur.pl\/?page_id=2125"},"modified":"2024-04-16T17:09:36","modified_gmt":"2024-04-16T15:09:36","slug":"donate","status":"publish","type":"page","link":"http:\/\/chimerakultur.pl\/?page_id=2125","title":{"rendered":"Jak pom\u00f3c"},"content":{"rendered":"\n<div class=\"wp-block-uagb-container uagb-block-3e43a996 alignfull uagb-is-root-container\"><div class=\"uagb-container-inner-blocks-wrap\">\n<div class=\"wp-block-uagb-container uagb-block-04c68a57\">\n<div class=\"wp-block-uagb-container uagb-block-da86ec88\">\n<div class=\"wp-block-uagb-info-box uagb-block-59dcc1d1 uagb-infobox__content-wrap  uagb-infobox-icon-above-title uagb-infobox-image-valign-top\"><div class=\"uagb-ifb-content\"><div class=\"uagb-ifb-title-wrap\"><span class=\"uagb-ifb-title-prefix\">RAZEM ZMIENIAMY<\/span><div class=\"uagb-ifb-separator\"><\/div><h1 class=\"uagb-ifb-title\">WSP\u00d3LNIE DOKONAJMY RZECZY WIELKICH<\/h1><\/div><\/div><\/div>\n<\/div>\n\n\n\n<div class=\"wp-block-uagb-container uagb-block-02b6c268\">\n<figure class=\"wp-block-image size-full is-resized is-style-default\"><a href=\"https:\/\/www.paypal.com\/donate\/?hosted_button_id=YVJBJQLLLVBBJ\"><img loading=\"lazy\" decoding=\"async\" width=\"1200\" height=\"1382\" src=\"https:\/\/chimerakultur.pl\/wp-content\/uploads\/2023\/11\/Screenshot-2023-11-07-at-17.31.09.png\" alt=\"\" class=\"wp-image-5025\" style=\"aspect-ratio:0.8681640625;object-fit:cover;width:506px;height:auto\" srcset=\"http:\/\/chimerakultur.pl\/wp-content\/uploads\/2023\/11\/Screenshot-2023-11-07-at-17.31.09.png 1200w, http:\/\/chimerakultur.pl\/wp-content\/uploads\/2023\/11\/Screenshot-2023-11-07-at-17.31.09-260x300.png 260w, http:\/\/chimerakultur.pl\/wp-content\/uploads\/2023\/11\/Screenshot-2023-11-07-at-17.31.09-889x1024.png 889w, http:\/\/chimerakultur.pl\/wp-content\/uploads\/2023\/11\/Screenshot-2023-11-07-at-17.31.09-768x884.png 768w\" sizes=\"auto, (max-width: 1200px) 100vw, 1200px\" \/><\/a><\/figure>\n<\/div>\n<\/div>\n<\/div><\/div>\n\n\n\n<hr class=\"wp-block-separator has-text-color has-ast-global-color-8-color has-alpha-channel-opacity has-ast-global-color-8-background-color has-background is-style-wide\" style=\"margin-top:var(--wp--preset--spacing--50);margin-bottom:var(--wp--preset--spacing--50)\"\/>\n\n\n\n<div class=\"wp-block-uagb-container uagb-block-53f8bc02 alignfull uagb-is-root-container\"><div class=\"uagb-container-inner-blocks-wrap\">\n<div class=\"wp-block-uagb-container uagb-block-551ae95c\">\n<h2 class=\"wp-block-heading\">Twoje wsparcie ma ogromne znaczenie! <\/h2>\n\n\n\n<p>Pom\u00f3\u017c nam realizowa\u0107 nasz\u0105 misj\u0119 i tworzy\u0107 lepsz\u0105 przysz\u0142o\u015b\u0107 dla tych, kt\u00f3rzy jej najbardziej potrzebuj\u0105. Dzi\u0119ki Twojemu hojno\u015bci mo\u017cemy dalej dzia\u0142a\u0107 i wprowadza\u0107 pozytywne zmiany. Przelewu mo\u017cna dokona\u0107 korzystaj\u0105c z systemu PayPal oraz p\u0142atno\u015bci online klikaj\u0105c na g\u00f3rze strony lub:<\/p>\n\n\n\n<h2 class=\"wp-block-heading\">1. Przelew na konto<\/h2>\n\n\n\n<p><strong>Numer konta:<\/strong> 09 1600 1013 1734 4048 3000 0001<br><br><strong>IBAN:<\/strong> PL09 1600 1013 1734 4048 3000 0001<br><br><strong>SWIFT\/BIC:<\/strong> PPABPLPK<br><br><strong>Nazwa firmy:<\/strong> CHIMERA KULTUR<br><br><strong>Adres rejestracji firmy:<\/strong> Chocimska 26\/8, 30-057 Krak\u00f3w, Polska<br><br><strong>NIP:<\/strong> 6772497676<\/p>\n<\/div>\n\n\n\n<div class=\"wp-block-uagb-container uagb-block-720252d4\">\n<h2 class=\"wp-block-heading\">2. Napisz do nas<\/h2>\n\n\n<div class=\"wpforms-container wpforms-block wpforms-block-d0d0a4c1-f7a5-4d8b-947b-399faad1bcc7\" id=\"wpforms-11\"><form id=\"wpforms-form-11\" class=\"wpforms-validate wpforms-form\" data-formid=\"11\" method=\"post\" enctype=\"multipart\/form-data\" action=\"\/index.php?rest_route=%2Fwp%2Fv2%2Fpages%2F2125\" data-token=\"7eb6f1037252db4561df971883af570f\" data-token-time=\"1777653378\"><noscript class=\"wpforms-error-noscript\">Aby wype\u0142ni\u0107 ten formularz, w\u0142\u0105cz obs\u0142ug\u0119 JavaScript w przegl\u0105darce.<\/noscript><div class=\"wpforms-field-container\"><div id=\"wpforms-11-field_0-container\" class=\"wpforms-field wpforms-field-name\" data-field-id=\"0\"><label class=\"wpforms-field-label\" for=\"wpforms-11-field_0\">Imi\u0119  <span class=\"wpforms-required-label\">*<\/span><\/label><input type=\"text\" id=\"wpforms-11-field_0\" class=\"wpforms-field-large wpforms-field-required\" name=\"wpforms[fields][0]\" required><\/div><div id=\"wpforms-11-field_1-container\" class=\"wpforms-field wpforms-field-email\" data-field-id=\"1\"><label class=\"wpforms-field-label\" for=\"wpforms-11-field_1\">Email <span class=\"wpforms-required-label\">*<\/span><\/label><input type=\"email\" id=\"wpforms-11-field_1\" class=\"wpforms-field-large wpforms-field-required\" name=\"wpforms[fields][1]\" spellcheck=\"false\" required><\/div><div id=\"wpforms-11-field_3-container\" class=\"wpforms-field wpforms-field-text\" data-field-id=\"3\"><label class=\"wpforms-field-label\" for=\"wpforms-11-field_3\">Temat <span class=\"wpforms-required-label\">*<\/span><\/label><input type=\"text\" id=\"wpforms-11-field_3\" class=\"wpforms-field-large wpforms-field-required\" name=\"wpforms[fields][3]\" required><\/div><div id=\"wpforms-11-field_2-container\" class=\"wpforms-field wpforms-field-textarea\" data-field-id=\"2\"><label class=\"wpforms-field-label\" for=\"wpforms-11-field_2\">Twoja wiadomo\u015b\u0107 <span class=\"wpforms-required-label\">*<\/span><\/label><textarea id=\"wpforms-11-field_2\" class=\"wpforms-field-large wpforms-field-required\" name=\"wpforms[fields][2]\" required><\/textarea><\/div><\/div><!-- .wpforms-field-container --><div class=\"wpforms-field wpforms-field-hp\"><label for=\"wpforms-11-field-hp\" class=\"wpforms-field-label\">Name<\/label><input type=\"text\" name=\"wpforms[hp]\" id=\"wpforms-11-field-hp\" class=\"wpforms-field-medium\"><\/div><div class=\"wpforms-submit-container\" ><input type=\"hidden\" name=\"wpforms[id]\" value=\"11\"><input type=\"hidden\" name=\"page_title\" value=\"\"><input type=\"hidden\" name=\"page_url\" value=\"http:\/\/chimerakultur.pl\/index.php?rest_route=\/wp\/v2\/pages\/2125\"><input type=\"hidden\" name=\"url_referer\" value=\"\"><button type=\"submit\" name=\"wpforms[submit]\" id=\"wpforms-submit-11\" class=\"wpforms-submit\" data-alt-text=\"Wysy\u0142anie...\" data-submit-text=\"Wys\u0142a\u0107\" aria-live=\"assertive\" value=\"wpforms-submit\">Wys\u0142a\u0107<\/button><\/div><\/form><\/div>  <!-- .wpforms-container --><\/div>\n<\/div><\/div>\n","protected":false},"excerpt":{"rendered":"<p>Twoje wsparcie ma ogromne znaczenie! Pom\u00f3\u017c nam realizowa\u0107 nasz\u0105 misj\u0119 i tworzy\u0107 lepsz\u0105 przysz\u0142o\u015b\u0107 dla tych, kt\u00f3rzy jej najbardziej potrzebuj\u0105. Dzi\u0119ki Twojemu hojno\u015bci mo\u017cemy dalej dzia\u0142a\u0107 i wprowadza\u0107 pozytywne zmiany. Przelewu mo\u017cna dokona\u0107 korzystaj\u0105c z systemu PayPal oraz p\u0142atno\u015bci online klikaj\u0105c na g\u00f3rze strony lub: 1. Przelew na konto Numer konta: 09 1600 1013 1734 [&hellip;]<\/p>\n","protected":false},"author":1,"featured_media":0,"parent":0,"menu_order":0,"comment_status":"closed","ping_status":"closed","template":"","meta":{"_uag_custom_page_level_css":"","site-sidebar-layout":"no-sidebar","site-content-layout":"page-builder","ast-site-content-layout":"full-width-container","site-content-style":"unboxed","site-sidebar-style":"unboxed","ast-global-header-display":"","ast-banner-title-visibility":"","ast-main-header-display":"","ast-hfb-above-header-display":"","ast-hfb-below-header-display":"","ast-hfb-mobile-header-display":"","site-post-title":"disabled","ast-breadcrumbs-content":"","ast-featured-img":"disabled","footer-sml-layout":"","theme-transparent-header-meta":"","adv-header-id-meta":"","stick-header-meta":"","header-above-stick-meta":"","header-main-stick-meta":"","header-below-stick-meta":"","astra-migrate-meta-layouts":"set","ast-page-background-enabled":"default","ast-page-background-meta":{"desktop":{"background-color":"","background-image":"","background-repeat":"repeat","background-position":"center center","background-size":"auto","background-attachment":"scroll","background-type":"","background-media":"","overlay-type":"","overlay-color":"","overlay-opacity":"","overlay-gradient":""},"tablet":{"background-color":"","background-image":"","background-repeat":"repeat","background-position":"center center","background-size":"auto","background-attachment":"scroll","background-type":"","background-media":"","overlay-type":"","overlay-color":"","overlay-opacity":"","overlay-gradient":""},"mobile":{"background-color":"","background-image":"","background-repeat":"repeat","background-position":"center center","background-size":"auto","background-attachment":"scroll","background-type":"","background-media":"","overlay-type":"","overlay-color":"","overlay-opacity":"","overlay-gradient":""}},"ast-content-background-meta":{"desktop":{"background-color":"var(--ast-global-color-5)","background-image":"","background-repeat":"repeat","background-position":"center center","background-size":"auto","background-attachment":"scroll","background-type":"","background-media":"","overlay-type":"","overlay-color":"","overlay-opacity":"","overlay-gradient":""},"tablet":{"background-color":"var(--ast-global-color-5)","background-image":"","background-repeat":"repeat","background-position":"center center","background-size":"auto","background-attachment":"scroll","background-type":"","background-media":"","overlay-type":"","overlay-color":"","overlay-opacity":"","overlay-gradient":""},"mobile":{"background-color":"var(--ast-global-color-5)","background-image":"","background-repeat":"repeat","background-position":"center center","background-size":"auto","background-attachment":"scroll","background-type":"","background-media":"","overlay-type":"","overlay-color":"","overlay-opacity":"","overlay-gradient":""}},"footnotes":""},"class_list":["post-2125","page","type-page","status-publish","hentry"],"uagb_featured_image_src":{"full":false,"thumbnail":false,"medium":false,"medium_large":false,"large":false,"1536x1536":false,"2048x2048":false},"uagb_author_info":{"display_name":"admin","author_link":"http:\/\/chimerakultur.pl\/?author=1"},"uagb_comment_info":0,"uagb_excerpt":"Twoje wsparcie ma ogromne znaczenie! Pom\u00f3\u017c nam realizowa\u0107 nasz\u0105 misj\u0119 i tworzy\u0107 lepsz\u0105 przysz\u0142o\u015b\u0107 dla tych, kt\u00f3rzy jej najbardziej potrzebuj\u0105. Dzi\u0119ki Twojemu hojno\u015bci mo\u017cemy dalej dzia\u0142a\u0107 i wprowadza\u0107 pozytywne zmiany. Przelewu mo\u017cna dokona\u0107 korzystaj\u0105c z systemu PayPal oraz p\u0142atno\u015bci online klikaj\u0105c na g\u00f3rze strony lub: 1. Przelew na konto Numer konta: 09 1600 1013 1734&hellip;","_links":{"self":[{"href":"http:\/\/chimerakultur.pl\/index.php?rest_route=\/wp\/v2\/pages\/2125","targetHints":{"allow":["GET"]}}],"collection":[{"href":"http:\/\/chimerakultur.pl\/index.php?rest_route=\/wp\/v2\/pages"}],"about":[{"href":"http:\/\/chimerakultur.pl\/index.php?rest_route=\/wp\/v2\/types\/page"}],"author":[{"embeddable":true,"href":"http:\/\/chimerakultur.pl\/index.php?rest_route=\/wp\/v2\/users\/1"}],"replies":[{"embeddable":true,"href":"http:\/\/chimerakultur.pl\/index.php?rest_route=%2Fwp%2Fv2%2Fcomments&post=2125"}],"version-history":[{"count":49,"href":"http:\/\/chimerakultur.pl\/index.php?rest_route=\/wp\/v2\/pages\/2125\/revisions"}],"predecessor-version":[{"id":5803,"href":"http:\/\/chimerakultur.pl\/index.php?rest_route=\/wp\/v2\/pages\/2125\/revisions\/5803"}],"wp:attachment":[{"href":"http:\/\/chimerakultur.pl\/index.php?rest_route=%2Fwp%2Fv2%2Fmedia&parent=2125"}],"curies":[{"name":"wp","href":"https:\/\/api.w.org\/{rel}","templated":true}]}}