{"id":2119,"date":"2022-04-11T07:17:02","date_gmt":"2022-04-11T07:17:02","guid":{"rendered":"https:\/\/chimerakultur.pl\/?page_id=2119"},"modified":"2024-04-16T17:09:03","modified_gmt":"2024-04-16T15:09:03","slug":"what-we-do","status":"publish","type":"page","link":"http:\/\/chimerakultur.pl\/?page_id=2119","title":{"rendered":"Kim jeste\u015bmy"},"content":{"rendered":"\n<div class=\"wp-block-uagb-container uagb-block-dc794c71 alignfull uagb-is-root-container\"><div class=\"uagb-container-inner-blocks-wrap\">\n<div class=\"wp-block-uagb-info-box uagb-block-622a2e92 uagb-infobox__content-wrap  uagb-infobox-icon-above-title uagb-infobox-image-valign-top\"><div class=\"uagb-ifb-content\"><div class=\"uagb-ifb-title-wrap\"><span class=\"uagb-ifb-title-prefix\">PRZENIKNIJ G\u0141\u0118BIEJ<\/span><div class=\"uagb-ifb-separator\"><\/div><h1 class=\"uagb-ifb-title\">DOWIEDZ SI\u0118, JAK TO WSZYSTKO DZIA\u0141A OD \u015aRODKA<\/h1><\/div><\/div><\/div>\n<\/div><\/div>\n\n\n\n<div class=\"wp-block-uagb-container uagb-block-f1b40df9 alignfull uagb-is-root-container\"><div class=\"uagb-container-inner-blocks-wrap\">\n<div class=\"wp-block-uagb-container uagb-block-0efd34ab\">\n<div class=\"wp-block-uagb-info-box uagb-block-bf8dd6c9 uagb-infobox__content-wrap  uagb-infobox-icon-above-title uagb-infobox-image-valign-top\"><div class=\"uagb-ifb-content\"><div class=\"uagb-ifb-title-wrap\"><h2 class=\"uagb-ifb-title\">KIM JESTE\u015aMY<\/h2><\/div><div class=\"uagb-ifb-separator\"><\/div><\/div><\/div>\n\n\n\n<div class=\"wp-block-uagb-container uagb-block-2960f20a\">\n<div class=\"wp-block-uagb-container uagb-block-9dd8fbe8\">\n<p class=\"has-ast-global-color-0-color has-text-color\">Fundacja \u201eChimera Kultur\u201d to bezpieczne i otwarte miejsce tw\u00f3rczej ekspresji, w kt\u00f3rym r\u00f3\u017cnorodno\u015b\u0107 jest celebrowana \u2013 niezale\u017cnie od rasy, narodowo\u015bci, p\u0142eci, wieku czy statusu spo\u0142ecznego, poniewa\u017c wyrozumia\u0142o\u015b\u0107 i szacunek wobec r\u00f3\u017cnych kultur i to\u017csamo\u015bci s\u0105 kluczowymi aspektami ka\u017cdego wsp\u00f3\u0142czesnego spo\u0142ecze\u0144stwa.<\/p>\n\n\n\n<p class=\"has-ast-global-color-0-color has-text-color\">G\u0142\u00f3wnymi zakresami dzia\u0142alno\u015bci Fundacji s\u0105:<br><img loading=\"lazy\" decoding=\"async\" height=\"16\" width=\"16\" src=\"https:\/\/static.xx.fbcdn.net\/images\/emoji.php\/v9\/t8f\/2\/16\/26ab.png\" alt=\"\u26ab\ufe0f\"> skupienie si\u0119 na wzajemnej integracji kultur i do\u015bwiadcze\u0144 kulturologicznych;<br><img loading=\"lazy\" decoding=\"async\" height=\"16\" width=\"16\" src=\"https:\/\/static.xx.fbcdn.net\/images\/emoji.php\/v9\/t8f\/2\/16\/26ab.png\" alt=\"\u26ab\ufe0f\"> budowanie dialogu pomi\u0119dzy narodami;<br><img loading=\"lazy\" decoding=\"async\" height=\"16\" width=\"16\" src=\"https:\/\/static.xx.fbcdn.net\/images\/emoji.php\/v9\/t8f\/2\/16\/26ab.png\" alt=\"\u26ab\ufe0f\"> poszerzanie wiedzy i wzmocnienie szacunku spo\u0142ecze\u0144stwa na temat mniejszo\u015bci narodowych i etnicznych oraz LGBTQ+.<\/p>\n\n\n\n<p class=\"has-ast-global-color-3-color has-text-color\">Chimera Kultur prze\u0142amuje stereotypy i buduje nowe dialogi pomi\u0119dzy kulturami, tworz\u0105c now\u0105 przestrze\u0144 na mapie Krakowa, gdzie ka\u017cdy mo\u017ce realizowa\u0107 swoje tw\u00f3rcze pomys\u0142y.<\/p>\n<\/div>\n\n\n\n<div class=\"wp-block-uagb-container uagb-block-9cbcd92e\">\n<figure class=\"wp-block-image size-large\"><img loading=\"lazy\" decoding=\"async\" width=\"832\" height=\"1024\" src=\"http:\/\/chimerakultur.pl\/wp-content\/uploads\/2023\/10\/IMG_2726-832x1024.png\" alt=\"\" class=\"wp-image-7\" srcset=\"http:\/\/chimerakultur.pl\/wp-content\/uploads\/2023\/10\/IMG_2726-832x1024.png 832w, http:\/\/chimerakultur.pl\/wp-content\/uploads\/2023\/10\/IMG_2726-244x300.png 244w, http:\/\/chimerakultur.pl\/wp-content\/uploads\/2023\/10\/IMG_2726-768x945.png 768w, http:\/\/chimerakultur.pl\/wp-content\/uploads\/2023\/10\/IMG_2726-1248x1536.png 1248w, http:\/\/chimerakultur.pl\/wp-content\/uploads\/2023\/10\/IMG_2726-1664x2048.png 1664w, http:\/\/chimerakultur.pl\/wp-content\/uploads\/2023\/10\/IMG_2726-42x52.png 42w\" sizes=\"auto, (max-width: 832px) 100vw, 832px\" \/><\/figure>\n<\/div>\n<\/div>\n<\/div>\n<\/div><\/div>\n\n\n\n<div class=\"wp-block-uagb-container uagb-block-e947756a alignfull uagb-is-root-container\"><div class=\"uagb-container-inner-blocks-wrap\">\n<div class=\"wp-block-uagb-container uagb-block-afe08bf3\">\n<div class=\"wp-block-uagb-info-box uagb-block-252663dd uagb-infobox__content-wrap  uagb-infobox-icon-above-title uagb-infobox-image-valign-top\"><div class=\"uagb-ifb-content\"><div class=\"uagb-ifb-title-wrap\"><h2 class=\"uagb-ifb-title\">NASZE PODEJ\u015aCIE<\/h2><\/div><div class=\"uagb-ifb-separator\"><\/div><\/div><\/div>\n\n\n\n<div class=\"wp-block-uagb-container uagb-block-ff54988c\">\n<div class=\"wp-block-uagb-container uagb-block-e730558c\">\n<figure class=\"wp-block-image size-large is-resized\"><img loading=\"lazy\" decoding=\"async\" width=\"832\" height=\"1024\" src=\"http:\/\/chimerakultur.pl\/wp-content\/uploads\/2023\/10\/IMG_2727-832x1024.png\" alt=\"\" class=\"wp-image-4532\" style=\"aspect-ratio:0.8125;width:450px;height:auto\" srcset=\"http:\/\/chimerakultur.pl\/wp-content\/uploads\/2023\/10\/IMG_2727-832x1024.png 832w, http:\/\/chimerakultur.pl\/wp-content\/uploads\/2023\/10\/IMG_2727-244x300.png 244w, http:\/\/chimerakultur.pl\/wp-content\/uploads\/2023\/10\/IMG_2727-768x945.png 768w, http:\/\/chimerakultur.pl\/wp-content\/uploads\/2023\/10\/IMG_2727-1248x1536.png 1248w, http:\/\/chimerakultur.pl\/wp-content\/uploads\/2023\/10\/IMG_2727-1664x2048.png 1664w\" sizes=\"auto, (max-width: 832px) 100vw, 832px\" \/><\/figure>\n<\/div>\n\n\n\n<div class=\"wp-block-uagb-container uagb-block-ce404ffa\">\n<div class=\"wp-block-uagb-info-box uagb-block-12c7cbbd uagb-infobox__content-wrap  uagb-infobox-icon-above-title uagb-infobox-image-valign-top\"><div class=\"uagb-ifb-content\"><div class=\"uagb-ifb-title-wrap\"><span class=\"uagb-ifb-title-prefix\">01<\/span><h4 class=\"uagb-ifb-title\">\u2014 Nasza Misja<\/h4><\/div><p class=\"uagb-ifb-desc\">Podstaw\u0105 funkcjonowania Fundacji jest prze\u0142amywanie stereotyp\u00f3w, budowanie i wzmocnienie most\u00f3w mi\u0119dzykulturowych poprzez stworzenie na mapie Krakowa nowej, wolnej przestrzeni do rozwoju wzajemnego dialogu mi\u0119dzy r\u00f3\u017cnymi kulturami i grupami mniejszo\u015bciowymi.<\/p><\/div><\/div>\n\n\n\n<div class=\"wp-block-uagb-info-box uagb-block-c7272f74 uagb-infobox__content-wrap  uagb-infobox-icon-above-title uagb-infobox-image-valign-top\"><div class=\"uagb-ifb-content\"><div class=\"uagb-ifb-title-wrap\"><span class=\"uagb-ifb-title-prefix\">02<\/span><h4 class=\"uagb-ifb-title\">\u2014 Nasze Warto\u015bci<\/h4><\/div><p class=\"uagb-ifb-desc\">Fundacja podkre\u015bla wsp\u00f3lne warto\u015bci i pozytywne aspekty r\u00f3\u017cnorodno\u015bci kulturowej, kt\u00f3re pomagaj\u0105 wspiera\u0107 otwarte i inkluzywne spo\u0142ecze\u0144stwo. Te idee podkre\u015bla sama nazwa \u2013 &#8222;Chimera Kultur&#8221;, kt\u00f3ra symbolizuje po\u0142\u0105czenie r\u00f3\u017cnych aspekt\u00f3w kulturowych albo to\u017csamo\u015bci w jedn\u0105 wsp\u00f3ln\u0105 ca\u0142o\u015b\u0107 oraz ch\u0119\u0107 tworzenia czego\u015b nowego i niepowtarzalnego.<\/p><\/div><\/div>\n\n\n\n<div class=\"wp-block-uagb-info-box uagb-block-1675e9f3 uagb-infobox__content-wrap  uagb-infobox-icon-above-title uagb-infobox-image-valign-top\"><div class=\"uagb-ifb-content\"><div class=\"uagb-ifb-title-wrap\"><span class=\"uagb-ifb-title-prefix\">03<\/span><h4 class=\"uagb-ifb-title\">\u2014 Nasza Historia<\/h4><\/div><p class=\"uagb-ifb-desc\">Fundacja \u201eChimera Kultur\u201d zosta\u0142a oficjalnie za\u0142o\u017cona w sierpniu 2023 roku przez Vasyla Herasymchuka, Hann\u0119 Yaminsk\u0105, Kristin\u0119 Kozlov\u0105 i Olg\u0119 Sydorenko, kt\u00f3rzy razem postanowili wsp\u00f3lnie dzia\u0142a\u0107 i rozwija\u0107 fundacj\u0119, aby mog\u0142a ona przyczyni\u0107 si\u0119 do poprawy \u017cycia kulturalnego i spo\u0142ecznego Krakowa.<\/p><\/div><\/div>\n<\/div>\n<\/div>\n<\/div>\n<\/div><\/div>\n\n\n\n<div class=\"wp-block-uagb-container uagb-block-c0fe9858 alignfull uagb-is-root-container\"><div class=\"uagb-container-inner-blocks-wrap\">\n<div class=\"wp-block-uagb-container uagb-block-595ccca2\">\n<div class=\"wp-block-uagb-info-box uagb-block-d4b6535b uagb-infobox__content-wrap  uagb-infobox-icon-above-title uagb-infobox-image-valign-top\"><div class=\"uagb-ifb-content\"><div class=\"uagb-ifb-title-wrap\"><h2 class=\"uagb-ifb-title\">TEAM<\/h2><\/div><div class=\"uagb-ifb-separator\"><\/div><\/div><\/div>\n\n\n\n<div class=\"wp-block-uagb-container uagb-block-5df7d992\">\n<div class=\"wp-block-uagb-container uagb-block-bfdd69bf\">\n<div class=\"wp-block-uagb-container uagb-block-48d6cd7b\">\n<div class=\"wp-block-eds-animate-it-block eds-animate-block-save\"><div class=\"eds-animate animated edsanimate-sis-hidden  \" data-eds-entry-animation=\"fadeIn\" data-eds-entry-delay=\"0\" data-eds-entry-duration=\"0.5\" data-eds-entry-timing=\"linear\" data-eds-exit-animation=\"\" data-eds-exit-delay=\"0\" data-eds-exit-duration=\"0.5\" data-eds-exit-timing=\"linear\" data-eds-repeat-count=\"1\" data-eds-keep=\"yes\" data-eds-animate-on=\"load\" data-eds-scroll-offset=\"\">\n<figure class=\"wp-block-image size-large\"><img loading=\"lazy\" decoding=\"async\" width=\"1024\" height=\"683\" src=\"http:\/\/chimerakultur.pl\/wp-content\/uploads\/2023\/11\/IMG_9666-1024x683.jpg\" alt=\"\" class=\"wp-image-4596\" srcset=\"http:\/\/chimerakultur.pl\/wp-content\/uploads\/2023\/11\/IMG_9666-1024x683.jpg 1024w, http:\/\/chimerakultur.pl\/wp-content\/uploads\/2023\/11\/IMG_9666-300x200.jpg 300w, http:\/\/chimerakultur.pl\/wp-content\/uploads\/2023\/11\/IMG_9666-768x512.jpg 768w, http:\/\/chimerakultur.pl\/wp-content\/uploads\/2023\/11\/IMG_9666-1536x1024.jpg 1536w, http:\/\/chimerakultur.pl\/wp-content\/uploads\/2023\/11\/IMG_9666.jpg 2048w\" sizes=\"auto, (max-width: 1024px) 100vw, 1024px\" \/><\/figure>\n<\/div><\/div>\n<\/div>\n<\/div>\n<\/div>\n<\/div>\n\n\n\n<hr class=\"wp-block-separator has-text-color has-ast-global-color-8-color has-alpha-channel-opacity has-ast-global-color-8-background-color has-background\" style=\"margin-top:0;margin-bottom:0\"\/>\n\n\n\n<div class=\"wp-block-uagb-separator uagb-block-2617c002\"><div class=\"wp-block-uagb-separator__inner\" style=\"--my-background-image:\"><\/div><\/div>\n\n\n\n<div class=\"wp-block-uagb-info-box uagb-block-521098b2 uagb-infobox__content-wrap  uagb-infobox-icon-above-title uagb-infobox-image-valign-top\"><div class=\"uagb-ifb-content\"><div class=\"uagb-ifb-title-wrap\"><h2 class=\"uagb-ifb-title\">Nasz team \u2013 to nie tylko pracownicy,<\/h2><\/div><p class=\"uagb-ifb-desc\">to prawdziwi mistrzowie w tworzeniu cud\u00f3w! Ka\u017cdego dnia \u0142\u0105czymy si\u0142y, niczym arty\u015bci posiadaj\u0105cy p\u0119dzle, aby tworzy\u0107 arcydzie\u0142a.<br><\/p><div class=\"uagb-ifb-separator\"><\/div><\/div><\/div>\n\n\n\n<div class=\"wp-block-uagb-info-box uagb-block-eaf637ae uagb-infobox__content-wrap  uagb-infobox-icon-above-title uagb-infobox-image-valign-top\"><div class=\"uagb-ifb-content\"><div class=\"uagb-ifb-title-wrap\"><h2 class=\"uagb-ifb-title\">Nasza praca \u2013 to nie tylko zadanie,<\/h2><\/div><p class=\"uagb-ifb-desc\">to szansa na zmian\u0119 \u015bwiata, przeniesienie projekt\u00f3w na nowy poziom i pozostawienie w\u0142asnego \u015bladu na drodze do osi\u0105gni\u0119\u0107. Jeste\u015bmy zespo\u0142em marzycieli, kt\u00f3rych \u0142\u0105czy ch\u0119\u0107 tworzenia i doskonalenia.<\/p><\/div><\/div>\n<\/div><\/div>\n\n\n\n<div class=\"wp-block-uagb-container uagb-block-ed43b2f8 alignfull uagb-is-root-container\"><div class=\"uagb-container-inner-blocks-wrap\">\n<div class=\"wp-block-uagb-info-box uagb-block-e8215a20 uagb-infobox__content-wrap  uagb-infobox-icon-above-title uagb-infobox-image-valign-top\"><div class=\"uagb-ifb-content\"><div class=\"uagb-ifb-title-wrap\"><span class=\"uagb-ifb-title-prefix\">DONATE<\/span><div class=\"uagb-ifb-separator\"><\/div><h3 class=\"uagb-ifb-title\">Pom\u00f3\u017c nam zmieni\u0107 \u015bwiat!<\/h3><\/div><p class=\"uagb-ifb-desc\">Twoja darowizna jest dla nas wa\u017cna i pozwala nam pracowa\u0107 jeszcze lepiej.<\/p><div class=\"uagb-ifb-button-wrapper wp-block-button\"><a href=\"\/\/www.paypal.com\/donate\/?hosted_button_id=YVJBJQLLLVBBJ\" class=\"uagb-infobox-cta-link wp-block-button__link\" target=\"_blank\" rel=\"noopener noreferrer\" onclick=\"return true;\" alt=\"\"><span class=\"uagb-inline-editing\">DONATE<\/span><svg xmlns=\"https:\/\/www.w3.org\/2000\/svg\" viewBox=\"0 0 384 512\"><path d=\"M111.4 295.9c-3.5 19.2-17.4 108.7-21.5 134-.3 1.8-1 2.5-3 2.5H12.3c-7.6 0-13.1-6.6-12.1-13.9L58.8 46.6c1.5-9.6 10.1-16.9 20-16.9 152.3 0 165.1-3.7 204 11.4 60.1 23.3 65.6 79.5 44 140.3-21.5 62.6-72.5 89.5-140.1 90.3-43.4 .7-69.5-7-75.3 24.2zM357.1 152c-1.8-1.3-2.5-1.8-3 1.3-2 11.4-5.1 22.5-8.8 33.6-39.9 113.8-150.5 103.9-204.5 103.9-6.1 0-10.1 3.3-10.9 9.4-22.6 140.4-27.1 169.7-27.1 169.7-1 7.1 3.5 12.9 10.6 12.9h63.5c8.6 0 15.7-6.3 17.4-14.9 .7-5.4-1.1 6.1 14.4-91.3 4.6-22 14.3-19.7 29.3-19.7 71 0 126.4-28.8 142.9-112.3 6.5-34.8 4.6-71.4-23.8-92.6z\"><\/path><\/svg><\/a><\/div><\/div><\/div>\n<\/div><\/div>\n","protected":false},"excerpt":{"rendered":"<p>Fundacja \u201eChimera Kultur\u201d to bezpieczne i otwarte miejsce tw\u00f3rczej ekspresji, w kt\u00f3rym r\u00f3\u017cnorodno\u015b\u0107 jest celebrowana \u2013 niezale\u017cnie od rasy, narodowo\u015bci, p\u0142eci, wieku czy statusu spo\u0142ecznego, poniewa\u017c wyrozumia\u0142o\u015b\u0107 i szacunek wobec r\u00f3\u017cnych kultur i to\u017csamo\u015bci s\u0105 kluczowymi aspektami ka\u017cdego wsp\u00f3\u0142czesnego spo\u0142ecze\u0144stwa. G\u0142\u00f3wnymi zakresami dzia\u0142alno\u015bci Fundacji s\u0105: skupienie si\u0119 na wzajemnej integracji kultur i do\u015bwiadcze\u0144 kulturologicznych; budowanie [&hellip;]<\/p>\n","protected":false},"author":1,"featured_media":0,"parent":0,"menu_order":0,"comment_status":"closed","ping_status":"closed","template":"","meta":{"_uag_custom_page_level_css":"","site-sidebar-layout":"no-sidebar","site-content-layout":"page-builder","ast-site-content-layout":"full-width-container","site-content-style":"unboxed","site-sidebar-style":"unboxed","ast-global-header-display":"","ast-banner-title-visibility":"","ast-main-header-display":"","ast-hfb-above-header-display":"","ast-hfb-below-header-display":"","ast-hfb-mobile-header-display":"","site-post-title":"disabled","ast-breadcrumbs-content":"","ast-featured-img":"disabled","footer-sml-layout":"","theme-transparent-header-meta":"","adv-header-id-meta":"","stick-header-meta":"","header-above-stick-meta":"","header-main-stick-meta":"","header-below-stick-meta":"","astra-migrate-meta-layouts":"set","ast-page-background-enabled":"default","ast-page-background-meta":{"desktop":{"background-color":"","background-image":"","background-repeat":"repeat","background-position":"center center","background-size":"auto","background-attachment":"scroll","background-type":"","background-media":"","overlay-type":"","overlay-color":"","overlay-opacity":"","overlay-gradient":""},"tablet":{"background-color":"","background-image":"","background-repeat":"repeat","background-position":"center center","background-size":"auto","background-attachment":"scroll","background-type":"","background-media":"","overlay-type":"","overlay-color":"","overlay-opacity":"","overlay-gradient":""},"mobile":{"background-color":"","background-image":"","background-repeat":"repeat","background-position":"center center","background-size":"auto","background-attachment":"scroll","background-type":"","background-media":"","overlay-type":"","overlay-color":"","overlay-opacity":"","overlay-gradient":""}},"ast-content-background-meta":{"desktop":{"background-color":"var(--ast-global-color-5)","background-image":"","background-repeat":"repeat","background-position":"center center","background-size":"auto","background-attachment":"scroll","background-type":"","background-media":"","overlay-type":"","overlay-color":"","overlay-opacity":"","overlay-gradient":""},"tablet":{"background-color":"var(--ast-global-color-5)","background-image":"","background-repeat":"repeat","background-position":"center center","background-size":"auto","background-attachment":"scroll","background-type":"","background-media":"","overlay-type":"","overlay-color":"","overlay-opacity":"","overlay-gradient":""},"mobile":{"background-color":"var(--ast-global-color-5)","background-image":"","background-repeat":"repeat","background-position":"center center","background-size":"auto","background-attachment":"scroll","background-type":"","background-media":"","overlay-type":"","overlay-color":"","overlay-opacity":"","overlay-gradient":""}},"footnotes":""},"class_list":["post-2119","page","type-page","status-publish","hentry"],"uagb_featured_image_src":{"full":false,"thumbnail":false,"medium":false,"medium_large":false,"large":false,"1536x1536":false,"2048x2048":false},"uagb_author_info":{"display_name":"admin","author_link":"http:\/\/chimerakultur.pl\/?author=1"},"uagb_comment_info":0,"uagb_excerpt":"Fundacja \u201eChimera Kultur\u201d to bezpieczne i otwarte miejsce tw\u00f3rczej ekspresji, w kt\u00f3rym r\u00f3\u017cnorodno\u015b\u0107 jest celebrowana \u2013 niezale\u017cnie od rasy, narodowo\u015bci, p\u0142eci, wieku czy statusu spo\u0142ecznego, poniewa\u017c wyrozumia\u0142o\u015b\u0107 i szacunek wobec r\u00f3\u017cnych kultur i to\u017csamo\u015bci s\u0105 kluczowymi aspektami ka\u017cdego wsp\u00f3\u0142czesnego spo\u0142ecze\u0144stwa. G\u0142\u00f3wnymi zakresami dzia\u0142alno\u015bci Fundacji s\u0105: skupienie si\u0119 na wzajemnej integracji kultur i do\u015bwiadcze\u0144 kulturologicznych; budowanie&hellip;","_links":{"self":[{"href":"http:\/\/chimerakultur.pl\/index.php?rest_route=\/wp\/v2\/pages\/2119","targetHints":{"allow":["GET"]}}],"collection":[{"href":"http:\/\/chimerakultur.pl\/index.php?rest_route=\/wp\/v2\/pages"}],"about":[{"href":"http:\/\/chimerakultur.pl\/index.php?rest_route=\/wp\/v2\/types\/page"}],"author":[{"embeddable":true,"href":"http:\/\/chimerakultur.pl\/index.php?rest_route=\/wp\/v2\/users\/1"}],"replies":[{"embeddable":true,"href":"http:\/\/chimerakultur.pl\/index.php?rest_route=%2Fwp%2Fv2%2Fcomments&post=2119"}],"version-history":[{"count":25,"href":"http:\/\/chimerakultur.pl\/index.php?rest_route=\/wp\/v2\/pages\/2119\/revisions"}],"predecessor-version":[{"id":5802,"href":"http:\/\/chimerakultur.pl\/index.php?rest_route=\/wp\/v2\/pages\/2119\/revisions\/5802"}],"wp:attachment":[{"href":"http:\/\/chimerakultur.pl\/index.php?rest_route=%2Fwp%2Fv2%2Fmedia&parent=2119"}],"curies":[{"name":"wp","href":"https:\/\/api.w.org\/{rel}","templated":true}]}}